{"id":5608,"date":"2025-07-24T19:52:09","date_gmt":"2025-07-24T16:52:09","guid":{"rendered":"https:\/\/reltekenerji.com.tr\/all-projects\/"},"modified":"2026-03-01T19:15:40","modified_gmt":"2026-03-01T16:15:40","slug":"all-projects","status":"publish","type":"page","link":"https:\/\/reltekenerji.com.tr\/en\/all-projects\/","title":{"rendered":"All Projects"},"content":{"rendered":"\t\t<div data-elementor-type=\"wp-page\" data-elementor-id=\"5608\" class=\"elementor elementor-5608 elementor-656\" data-elementor-post-type=\"page\">\n\t\t\t\t<div class=\"elementor-element elementor-element-13c2268 e-con-full e-flex e-con e-parent\" data-id=\"13c2268\" data-element_type=\"container\" data-e-type=\"container\" data-settings=\"{&quot;background_background&quot;:&quot;classic&quot;,&quot;background_motion_fx_motion_fx_scrolling&quot;:&quot;yes&quot;,&quot;background_motion_fx_devices&quot;:[&quot;desktop&quot;,&quot;tablet&quot;,&quot;mobile&quot;]}\">\n\t\t\t\t<div class=\"elementor-element elementor-element-772510d elementor-widget elementor-widget-heading\" data-id=\"772510d\" data-element_type=\"widget\" data-e-type=\"widget\" data-widget_type=\"heading.default\">\n\t\t\t\t\t<h1 class=\"elementor-heading-title elementor-size-default\">RELTEK PROJECTS<\/h1>\t\t\t\t<\/div>\n\t\t\t\t<div class=\"elementor-element elementor-element-cce2955 elementor-widget-divider--view-line elementor-widget elementor-widget-divider\" data-id=\"cce2955\" data-element_type=\"widget\" data-e-type=\"widget\" data-widget_type=\"divider.default\">\n\t\t\t\t\t\t\t<div class=\"elementor-divider\">\n\t\t\t<span class=\"elementor-divider-separator\">\n\t\t\t\t\t\t<\/span>\n\t\t<\/div>\n\t\t\t\t\t\t<\/div>\n\t\t\t\t<div class=\"elementor-element elementor-element-b43dc61 elementor-widget elementor-widget-heading\" data-id=\"b43dc61\" data-element_type=\"widget\" data-e-type=\"widget\" data-widget_type=\"heading.default\">\n\t\t\t\t\t<h4 class=\"elementor-heading-title elementor-size-default\"><a href=\"https:\/\/www.linkedin.com\/company\/reltek-enerji\/\" target=\"_blank\" title=\"T\u00fcm Projeler Linkedin\">All Projects<\/a><\/h4>\t\t\t\t<\/div>\n\t\t\t\t<\/div>\n\t\t<div class=\"elementor-element elementor-element-790ae32 e-flex e-con-boxed e-con e-parent\" data-id=\"790ae32\" data-element_type=\"container\" data-e-type=\"container\">\n\t\t\t\t\t<div class=\"e-con-inner\">\n\t\t\t\t<div class=\"elementor-element elementor-element-02aed88 elementor-widget elementor-widget-heading\" data-id=\"02aed88\" data-element_type=\"widget\" data-e-type=\"widget\" data-widget_type=\"heading.default\">\n\t\t\t\t\t<h2 class=\"elementor-heading-title elementor-size-default\"><a href=\"https:\/\/reltekenerji.com.tr\/en\/epc-and-energy-contracting-projects\/\" title=\"EPC ve Enerji Taahh\u00fct Projeleri\">RELTEK Renewable Energy Systems Projects<\/a><\/h2>\t\t\t\t<\/div>\n\t\t\t\t<div class=\"elementor-element elementor-element-ba5585c elementor-widget elementor-widget-text-editor\" data-id=\"ba5585c\" data-element_type=\"widget\" data-e-type=\"widget\" data-widget_type=\"text-editor.default\">\n\t\t\t\t\t\t\t\t\t<p>Having completed projects of various scales in the energy sector, we have a broad portfolio ranging from ground-mounted and rooftop solar power plants to biogas facilities. Moreover, we provide secure solutions to our investors with hybrid energy systems. We meet the expected energy project needs optimally. As Reltek Energy, we provide end-to-end services in all our projects, including basic &amp; detailed engineering, process &amp; facility design, feasibility studies, and many other areas. We achieve successful results in all our work by combining the expertise of our local engineers with global innovations. Here are the <strong>Reltek Projects<\/strong> bearing our signature;<\/p>\t\t\t\t\t\t\t\t<\/div>\n\t\t\t\t\t<\/div>\n\t\t\t\t<\/div>\n\t\t<div class=\"elementor-element elementor-element-c667319 e-flex e-con-boxed e-con e-parent\" data-id=\"c667319\" data-element_type=\"container\" data-e-type=\"container\" data-settings=\"{&quot;background_background&quot;:&quot;classic&quot;}\">\n\t\t\t\t\t<div class=\"e-con-inner\">\n\t\t<div class=\"elementor-element elementor-element-7276b80 e-con-full e-flex e-con e-child\" data-id=\"7276b80\" data-element_type=\"container\" data-e-type=\"container\">\n\t\t\t\t<div class=\"elementor-element elementor-element-8d2803d elementor-widget elementor-widget-heading\" data-id=\"8d2803d\" data-element_type=\"widget\" data-e-type=\"widget\" data-widget_type=\"heading.default\">\n\t\t\t\t\t<h2 class=\"elementor-heading-title elementor-size-default\"><a href=\"https:\/\/reltekenerji.com.tr\/en\/epc-and-energy-contracting-projects\/\" title=\"EPC ve Enerji Taahh\u00fct Projeleri\">EPC Contracting RELTEK Projects<\/a><\/h2>\t\t\t\t<\/div>\n\t\t\t\t<div class=\"elementor-element elementor-element-6d07efb elementor-widget elementor-widget-text-editor\" data-id=\"6d07efb\" data-element_type=\"widget\" data-e-type=\"widget\" data-widget_type=\"text-editor.default\">\n\t\t\t\t\t\t\t\t\t<p>Our projects, which cover all engineering, procurement, and construction processes, offer comprehensive services especially to our investors. We focused on high efficiency from start to finish in our EPC Contracting Projects. The ground-mounted solar power plant projects among our projects were designed with high-efficiency systems. Our rooftop solar power plant projects were implemented to reduce energy costs for businesses. Besides these, our completed biogas projects were completed to convert environmental waste into energy. Hybrid energy systems were completed and put into service to provide uninterrupted production by integrating different sources. Throughout all these processes, projects were safely managed and completed at every point from engineering to installation and maintenance. All our projects were completed on time and investor expectations were successfully met.<\/p>\t\t\t\t\t\t\t\t<\/div>\n\t\t\t\t<\/div>\n\t\t\t\t\t<\/div>\n\t\t\t\t<\/div>\n\t\t<div class=\"elementor-element elementor-element-4dc1728 e-flex e-con-boxed e-con e-parent\" data-id=\"4dc1728\" data-element_type=\"container\" data-e-type=\"container\">\n\t\t\t\t\t<div class=\"e-con-inner\">\n\t\t\t\t\t<\/div>\n\t\t\t\t<\/div>\n\t\t<div class=\"elementor-element elementor-element-fb51627 e-flex e-con-boxed e-con e-parent\" data-id=\"fb51627\" data-element_type=\"container\" data-e-type=\"container\" data-settings=\"{&quot;background_background&quot;:&quot;classic&quot;}\">\n\t\t\t\t\t<div class=\"e-con-inner\">\n\t\t<div class=\"elementor-element elementor-element-b118f57 e-con-full e-flex e-con e-child\" data-id=\"b118f57\" data-element_type=\"container\" data-e-type=\"container\">\n\t\t\t\t<div class=\"elementor-element elementor-element-484b200 elementor-widget elementor-widget-heading\" data-id=\"484b200\" data-element_type=\"widget\" data-e-type=\"widget\" data-widget_type=\"heading.default\">\n\t\t\t\t\t<h2 class=\"elementor-heading-title elementor-size-default\"><a href=\"https:\/\/reltekenerji.com.tr\/en\/solar-energy-systems\/\" title=\"G\u00fcne\u015f Enerjisi Sistemleri\">Solar Energy Systems RELTEK Projects<\/a><\/h2>\t\t\t\t<\/div>\n\t\t\t\t<div class=\"elementor-element elementor-element-079f196 elementor-widget elementor-widget-text-editor\" data-id=\"079f196\" data-element_type=\"widget\" data-e-type=\"widget\" data-widget_type=\"text-editor.default\">\n\t\t\t\t\t\t\t\t\t<p>Solar energy, today&#8217;s most important renewable and clean energy source, is increasingly preferred in energy consumption each year. It is of great importance that such an important and popular system is planned, installed, and controlled in the most accurate way. Reltek Energy has extensive and strong expertise in solar energy systems. It provides systems that will ensure maximum efficiency to its customers with the most suitable projects and costs. Successfully completing many different solar energy system projects, Reltek Energy provides optimum efficiency especially for ground-mounted solar power plant projects and large-scale investments. Rooftop solar power plant projects provide businesses with a sustainable energy source. Additionally, self-consumption projects increase energy independence. The engineering team designs and presents projects to customers using the most current and beneficial technologies.<\/p>\t\t\t\t\t\t\t\t<\/div>\n\t\t\t\t<\/div>\n\t\t\t\t\t<\/div>\n\t\t\t\t<\/div>\n\t\t<div class=\"elementor-element elementor-element-b9ecb93 e-flex e-con-boxed e-con e-parent\" data-id=\"b9ecb93\" data-element_type=\"container\" data-e-type=\"container\">\n\t\t\t\t\t<div class=\"e-con-inner\">\n\t\t\t\t\t<\/div>\n\t\t\t\t<\/div>\n\t\t<div class=\"elementor-element elementor-element-aa48da8 e-flex e-con-boxed e-con e-parent\" data-id=\"aa48da8\" data-element_type=\"container\" data-e-type=\"container\" data-settings=\"{&quot;background_background&quot;:&quot;classic&quot;}\">\n\t\t\t\t\t<div class=\"e-con-inner\">\n\t\t<div class=\"elementor-element elementor-element-d5cafe8 e-con-full e-flex e-con e-child\" data-id=\"d5cafe8\" data-element_type=\"container\" data-e-type=\"container\">\n\t\t\t\t<div class=\"elementor-element elementor-element-ca65c36 elementor-widget elementor-widget-heading\" data-id=\"ca65c36\" data-element_type=\"widget\" data-e-type=\"widget\" data-widget_type=\"heading.default\">\n\t\t\t\t\t<h3 class=\"elementor-heading-title elementor-size-default\"><a href=\"https:\/\/reltekenerji.com.tr\/en\/solar-energy-systems\/\" title=\"G\u00fcne\u015f Enerjisi Sistemleri\">Reliable Investments in the Future<\/a><\/h3>\t\t\t\t<\/div>\n\t\t\t\t<div class=\"elementor-element elementor-element-c7efddb elementor-widget elementor-widget-text-editor\" data-id=\"c7efddb\" data-element_type=\"widget\" data-e-type=\"widget\" data-widget_type=\"text-editor.default\">\n\t\t\t\t\t\t\t\t\t<p>The energy sector, one of today&#8217;s most important investment, consumption, and revenue products, is at the center of elements that will shape the future. In this direction, Reltek Energy prioritizes trust and sustainability in its projects. Furthermore, it develops efficient solutions for investors. High engineering knowledge and field experience guarantee the success of projects. Moreover, it provides long-term operational support. Thanks to its environmentally conscious and innovative approach, it transfers great value to future generations.<\/p>\t\t\t\t\t\t\t\t<\/div>\n\t\t\t\t<\/div>\n\t\t\t\t\t<\/div>\n\t\t\t\t<\/div>\n\t\t\t\t<\/div>\n\t\t","protected":false},"excerpt":{"rendered":"<p>RELTEK PROJECTS All Projects RELTEK Renewable Energy Systems Projects Having completed projects of various scales in the energy sector, we have a broad portfolio ranging&#8230;<\/p>\n","protected":false},"author":1,"featured_media":0,"parent":0,"menu_order":0,"comment_status":"closed","ping_status":"closed","template":"elementor_header_footer","meta":{"footnotes":""},"class_list":["post-5608","page","type-page","status-publish","hentry"],"aioseo_notices":[],"aioseo_head":"\n\t\t<!-- All in One SEO Pro 4.9.6.1 - aioseo.com -->\n\t<meta name=\"description\" content=\"Renewable Energy Systems, RELTEK All Projects, EPC Contracting Projects, Rooftop Solar Power Plants, Ground-mounted Solar Power Plants, Biogas, Hybrid Energy.\" \/>\n\t<meta name=\"robots\" content=\"max-image-preview:large\" \/>\n\t<link rel=\"canonical\" href=\"https:\/\/reltekenerji.com.tr\/en\/all-projects\/\" \/>\n\t<meta name=\"generator\" content=\"All in One SEO Pro (AIOSEO) 4.9.6.1\" \/>\n\t\t<meta property=\"og:locale\" content=\"en_US\" \/>\n\t\t<meta property=\"og:site_name\" content=\"Reltek Enerji | G\u00fcne\u015f Enerjisi | SCADA | Enerji Depolama | Yat\u0131r\u0131m ve Proje Geli\u015ftirme | EPC | Gelece\u011fi \u015eekillendiren G\u00fc\u00e7!\" \/>\n\t\t<meta property=\"og:type\" content=\"article\" \/>\n\t\t<meta property=\"og:title\" content=\"Renewable Energy Systems Projects | RELTEK All Projects\" \/>\n\t\t<meta property=\"og:description\" content=\"Renewable Energy Systems, RELTEK All Projects, EPC Contracting Projects, Rooftop Solar Power Plants, Ground-mounted Solar Power Plants, Biogas, Hybrid Energy.\" \/>\n\t\t<meta property=\"og:url\" content=\"https:\/\/reltekenerji.com.tr\/en\/all-projects\/\" \/>\n\t\t<meta property=\"og:image\" content=\"https:\/\/reltekenerji.com.tr\/wp-content\/uploads\/2025\/07\/logo-reltek-700.png\" \/>\n\t\t<meta property=\"og:image:secure_url\" content=\"https:\/\/reltekenerji.com.tr\/wp-content\/uploads\/2025\/07\/logo-reltek-700.png\" \/>\n\t\t<meta property=\"og:image:width\" content=\"700\" \/>\n\t\t<meta property=\"og:image:height\" content=\"146\" \/>\n\t\t<meta property=\"article:published_time\" content=\"2025-07-24T16:52:09+00:00\" \/>\n\t\t<meta property=\"article:modified_time\" content=\"2026-03-01T16:15:40+00:00\" \/>\n\t\t<meta name=\"twitter:card\" content=\"summary_large_image\" \/>\n\t\t<meta name=\"twitter:title\" content=\"Renewable Energy Systems Projects | RELTEK All Projects\" \/>\n\t\t<meta name=\"twitter:description\" content=\"Renewable Energy Systems, RELTEK All Projects, EPC Contracting Projects, Rooftop Solar Power Plants, Ground-mounted Solar Power Plants, Biogas, Hybrid Energy.\" \/>\n\t\t<meta name=\"twitter:image\" content=\"https:\/\/reltekenerji.com.tr\/wp-content\/uploads\/2025\/07\/logo-reltek-700.png\" \/>\n\t\t<script type=\"application\/ld+json\" class=\"aioseo-schema\">\n\t\t\t{\"@context\":\"https:\\\/\\\/schema.org\",\"@graph\":[{\"@type\":\"BreadcrumbList\",\"@id\":\"https:\\\/\\\/reltekenerji.com.tr\\\/en\\\/all-projects\\\/#breadcrumblist\",\"itemListElement\":[{\"@type\":\"ListItem\",\"@id\":\"https:\\\/\\\/reltekenerji.com.tr\\\/en\\\/all-projects\\\/#listItem\",\"position\":1,\"name\":\"All Projects\"}]},{\"@type\":\"Organization\",\"@id\":\"https:\\\/\\\/reltekenerji.com.tr\\\/en\\\/#organization\",\"name\":\"Reltek Enerji Elektrik Otomasyon Bilg. \\u0130n\\u015f. Taah. Proje San. Tic. Ltd. \\u015eti.\",\"description\":\"Artan enerji ihtiyac\\u0131 ve \\u00e7evre duyarl\\u0131l\\u0131\\u011f\\u0131 neticesinde s\\u00fcrd\\u00fcr\\u00fclebilir enerji y\\u00fckselen bir de\\u011fer halini ald\\u0131. D\\u00fcnya genelinde bir\\u00e7ok \\u00fclke ve marka ekonomik ve yerel \\u00e7\\u00f6z\\u00fcmler \\u00fcretme yar\\u0131\\u015f\\u0131na girdi. \\u0130\\u015fte uzun y\\u0131llard\\u0131r bu yar\\u0131\\u015fta yer alan Reltek Enerji; \\u00f6zellikle m\\u00fchendislik, otomasyon ve enerji teknolojilerinde yerli m\\u00fchendislikle projeler geli\\u015ftirme konusunda y\\u0131llard\\u0131r hizmet veriyor.\",\"url\":\"https:\\\/\\\/reltekenerji.com.tr\\\/en\\\/\",\"email\":\"info@reltekenerji.com.tr\",\"telephone\":\"+903123950378\",\"foundingDate\":\"2016-12-01\",\"numberOfEmployees\":{\"@type\":\"QuantitativeValue\",\"value\":10},\"logo\":{\"@type\":\"ImageObject\",\"url\":\"https:\\\/\\\/reltekenerji.com.tr\\\/wp-content\\\/uploads\\\/2025\\\/07\\\/logo-reltek-700.png\",\"@id\":\"https:\\\/\\\/reltekenerji.com.tr\\\/en\\\/all-projects\\\/#organizationLogo\",\"width\":700,\"height\":146,\"caption\":\"Reltek Enerji Logo\"},\"image\":{\"@id\":\"https:\\\/\\\/reltekenerji.com.tr\\\/en\\\/all-projects\\\/#organizationLogo\"},\"sameAs\":[\"https:\\\/\\\/www.instagram.com\\\/reltekenerji\\\/\",\"https:\\\/\\\/www.linkedin.com\\\/company\\\/reltek-enerji\\\/\"],\"address\":{\"@id\":\"https:\\\/\\\/reltekenerji.com.tr\\\/en\\\/#postaladdress\",\"@type\":\"PostalAddress\",\"streetAddress\":\"Konutkent Mah. 2994 Cad. No:13, \\u00c7ankaya \\\/ Ankara \\u2013 T\\u00dcRK\\u0130YE\",\"postalCode\":\"06810\",\"addressLocality\":\"Ankara\",\"addressRegion\":\"Ankara\",\"addressCountry\":\"TR\"},\"vatID\":\"7340963816\"},{\"@type\":\"WebPage\",\"@id\":\"https:\\\/\\\/reltekenerji.com.tr\\\/en\\\/all-projects\\\/#webpage\",\"url\":\"https:\\\/\\\/reltekenerji.com.tr\\\/en\\\/all-projects\\\/\",\"name\":\"Renewable Energy Systems Projects | RELTEK All Projects\",\"description\":\"Renewable Energy Systems, RELTEK All Projects, EPC Contracting Projects, Rooftop Solar Power Plants, Ground-mounted Solar Power Plants, Biogas, Hybrid Energy.\",\"inLanguage\":\"en-US\",\"isPartOf\":{\"@id\":\"https:\\\/\\\/reltekenerji.com.tr\\\/en\\\/#website\"},\"breadcrumb\":{\"@id\":\"https:\\\/\\\/reltekenerji.com.tr\\\/en\\\/all-projects\\\/#breadcrumblist\"},\"datePublished\":\"2025-07-24T19:52:09+03:00\",\"dateModified\":\"2026-03-01T19:15:40+03:00\"},{\"@type\":\"WebSite\",\"@id\":\"https:\\\/\\\/reltekenerji.com.tr\\\/en\\\/#website\",\"url\":\"https:\\\/\\\/reltekenerji.com.tr\\\/en\\\/\",\"name\":\"RELTEK Enerji | Yenilenebilir Enerji Proje ve \\u00c7\\u00f6z\\u00fcmleri\",\"description\":\"Gelece\\u011fi \\u015eekillendiren G\\u00fc\\u00e7!\",\"inLanguage\":\"en-US\",\"publisher\":{\"@id\":\"https:\\\/\\\/reltekenerji.com.tr\\\/en\\\/#organization\"}}]}\n\t\t<\/script>\n\t\t<!-- All in One SEO Pro -->\r\n\t\t<title>Renewable Energy Systems Projects | RELTEK All Projects<\/title>\n\n","aioseo_head_json":{"title":"Renewable Energy Systems Projects | RELTEK All Projects","description":"Renewable Energy Systems, RELTEK All Projects, EPC Contracting Projects, Rooftop Solar Power Plants, Ground-mounted Solar Power Plants, Biogas, Hybrid Energy.","canonical_url":"https:\/\/reltekenerji.com.tr\/en\/all-projects\/","robots":"max-image-preview:large","keywords":"","webmasterTools":{"miscellaneous":""},"schema":{"@context":"https:\/\/schema.org","@graph":[{"@type":"BreadcrumbList","@id":"https:\/\/reltekenerji.com.tr\/en\/all-projects\/#breadcrumblist","itemListElement":[{"@type":"ListItem","@id":"https:\/\/reltekenerji.com.tr\/en\/all-projects\/#listItem","position":1,"name":"All Projects"}]},{"@type":"Organization","@id":"https:\/\/reltekenerji.com.tr\/en\/#organization","name":"Reltek Enerji Elektrik Otomasyon Bilg. \u0130n\u015f. Taah. Proje San. Tic. Ltd. \u015eti.","description":"Artan enerji ihtiyac\u0131 ve \u00e7evre duyarl\u0131l\u0131\u011f\u0131 neticesinde s\u00fcrd\u00fcr\u00fclebilir enerji y\u00fckselen bir de\u011fer halini ald\u0131. D\u00fcnya genelinde bir\u00e7ok \u00fclke ve marka ekonomik ve yerel \u00e7\u00f6z\u00fcmler \u00fcretme yar\u0131\u015f\u0131na girdi. \u0130\u015fte uzun y\u0131llard\u0131r bu yar\u0131\u015fta yer alan Reltek Enerji; \u00f6zellikle m\u00fchendislik, otomasyon ve enerji teknolojilerinde yerli m\u00fchendislikle projeler geli\u015ftirme konusunda y\u0131llard\u0131r hizmet veriyor.","url":"https:\/\/reltekenerji.com.tr\/en\/","email":"info@reltekenerji.com.tr","telephone":"+903123950378","foundingDate":"2016-12-01","numberOfEmployees":{"@type":"QuantitativeValue","value":10},"logo":{"@type":"ImageObject","url":"https:\/\/reltekenerji.com.tr\/wp-content\/uploads\/2025\/07\/logo-reltek-700.png","@id":"https:\/\/reltekenerji.com.tr\/en\/all-projects\/#organizationLogo","width":700,"height":146,"caption":"Reltek Enerji Logo"},"image":{"@id":"https:\/\/reltekenerji.com.tr\/en\/all-projects\/#organizationLogo"},"sameAs":["https:\/\/www.instagram.com\/reltekenerji\/","https:\/\/www.linkedin.com\/company\/reltek-enerji\/"],"address":{"@id":"https:\/\/reltekenerji.com.tr\/en\/#postaladdress","@type":"PostalAddress","streetAddress":"Konutkent Mah. 2994 Cad. No:13, \u00c7ankaya \/ Ankara \u2013 T\u00dcRK\u0130YE","postalCode":"06810","addressLocality":"Ankara","addressRegion":"Ankara","addressCountry":"TR"},"vatID":"7340963816"},{"@type":"WebPage","@id":"https:\/\/reltekenerji.com.tr\/en\/all-projects\/#webpage","url":"https:\/\/reltekenerji.com.tr\/en\/all-projects\/","name":"Renewable Energy Systems Projects | RELTEK All Projects","description":"Renewable Energy Systems, RELTEK All Projects, EPC Contracting Projects, Rooftop Solar Power Plants, Ground-mounted Solar Power Plants, Biogas, Hybrid Energy.","inLanguage":"en-US","isPartOf":{"@id":"https:\/\/reltekenerji.com.tr\/en\/#website"},"breadcrumb":{"@id":"https:\/\/reltekenerji.com.tr\/en\/all-projects\/#breadcrumblist"},"datePublished":"2025-07-24T19:52:09+03:00","dateModified":"2026-03-01T19:15:40+03:00"},{"@type":"WebSite","@id":"https:\/\/reltekenerji.com.tr\/en\/#website","url":"https:\/\/reltekenerji.com.tr\/en\/","name":"RELTEK Enerji | Yenilenebilir Enerji Proje ve \u00c7\u00f6z\u00fcmleri","description":"Gelece\u011fi \u015eekillendiren G\u00fc\u00e7!","inLanguage":"en-US","publisher":{"@id":"https:\/\/reltekenerji.com.tr\/en\/#organization"}}]},"og:locale":"en_US","og:site_name":"Reltek Enerji | G\u00fcne\u015f Enerjisi | SCADA | Enerji Depolama | Yat\u0131r\u0131m ve Proje Geli\u015ftirme | EPC | Gelece\u011fi \u015eekillendiren G\u00fc\u00e7!","og:type":"article","og:title":"Renewable Energy Systems Projects | RELTEK All Projects","og:description":"Renewable Energy Systems, RELTEK All Projects, EPC Contracting Projects, Rooftop Solar Power Plants, Ground-mounted Solar Power Plants, Biogas, Hybrid Energy.","og:url":"https:\/\/reltekenerji.com.tr\/en\/all-projects\/","og:image":"https:\/\/reltekenerji.com.tr\/wp-content\/uploads\/2025\/07\/logo-reltek-700.png","og:image:secure_url":"https:\/\/reltekenerji.com.tr\/wp-content\/uploads\/2025\/07\/logo-reltek-700.png","og:image:width":700,"og:image:height":146,"article:published_time":"2025-07-24T16:52:09+00:00","article:modified_time":"2026-03-01T16:15:40+00:00","twitter:card":"summary_large_image","twitter:title":"Renewable Energy Systems Projects | RELTEK All Projects","twitter:description":"Renewable Energy Systems, RELTEK All Projects, EPC Contracting Projects, Rooftop Solar Power Plants, Ground-mounted Solar Power Plants, Biogas, Hybrid Energy.","twitter:image":"https:\/\/reltekenerji.com.tr\/wp-content\/uploads\/2025\/07\/logo-reltek-700.png"},"aioseo_meta_data":{"post_id":"5608","title":"Renewable Energy Systems Projects | RELTEK All Projects","description":"Renewable Energy Systems, RELTEK All Projects, EPC Contracting Projects, Rooftop Solar Power Plants, Ground-mounted Solar Power Plants, Biogas, Hybrid Energy.","keywords":null,"keyphrases":{"focus":{"keyphrase":"All Projects","score":60,"analysis":{"keyphraseInTitle":{"score":9,"maxScore":9,"error":0},"keyphraseInDescription":{"score":9,"maxScore":9,"error":0},"keyphraseLength":{"score":9,"maxScore":9,"error":0,"length":2},"keyphraseInURL":{"score":5,"maxScore":5,"error":0},"keyphraseInIntroduction":{"score":3,"maxScore":9,"error":1},"keyphraseInSubHeadings":{"score":3,"maxScore":9,"error":1},"keyphraseInImageAlt":{"score":3,"maxScore":9,"error":1},"keywordDensity":{"score":0,"type":"low","maxScore":9,"error":1}}},"additional":[]},"primary_term":null,"canonical_url":null,"og_title":null,"og_description":null,"og_object_type":"default","og_image_type":"default","og_image_url":null,"og_image_width":null,"og_image_height":null,"og_image_custom_url":null,"og_image_custom_fields":null,"og_video":"","og_custom_url":null,"og_article_section":null,"og_article_tags":null,"twitter_use_og":false,"twitter_card":"default","twitter_image_type":"default","twitter_image_url":null,"twitter_image_custom_url":null,"twitter_image_custom_fields":null,"twitter_title":null,"twitter_description":null,"schema":{"blockGraphs":[],"customGraphs":[],"default":{"data":{"Article":[],"Course":[],"Dataset":[],"FAQPage":[],"Movie":[],"Person":[],"Product":[],"ProductReview":[],"Car":[],"Recipe":[],"Service":[],"SoftwareApplication":[],"WebPage":[]},"graphName":"WebPage","isEnabled":true},"graphs":[]},"schema_type":"default","schema_type_options":null,"pillar_content":false,"robots_default":true,"robots_noindex":false,"robots_noarchive":false,"robots_nosnippet":false,"robots_nofollow":false,"robots_noimageindex":false,"robots_noodp":false,"robots_notranslate":false,"robots_max_snippet":"-1","robots_max_videopreview":"-1","robots_max_imagepreview":"large","priority":null,"frequency":"default","local_seo":null,"seo_analyzer_scan_date":"2026-03-01 16:56:59","breadcrumb_settings":null,"limit_modified_date":false,"reviewed_by":null,"open_ai":null,"ai":{"faqs":[],"keyPoints":[],"titles":[],"descriptions":[],"socialPosts":{"email":[],"linkedin":[],"twitter":[],"facebook":[],"instagram":[]}},"created":"2025-10-29 15:19:35","updated":"2026-03-01 17:08:01"},"aioseo_breadcrumb":"<div class=\"aioseo-breadcrumbs\"><span class=\"aioseo-breadcrumb\">\n\tAll Projects\n<\/span><\/div>","aioseo_breadcrumb_json":[{"label":"All Projects","link":"https:\/\/reltekenerji.com.tr\/en\/all-projects\/"}],"_links":{"self":[{"href":"https:\/\/reltekenerji.com.tr\/en\/wp-json\/wp\/v2\/pages\/5608","targetHints":{"allow":["GET"]}}],"collection":[{"href":"https:\/\/reltekenerji.com.tr\/en\/wp-json\/wp\/v2\/pages"}],"about":[{"href":"https:\/\/reltekenerji.com.tr\/en\/wp-json\/wp\/v2\/types\/page"}],"author":[{"embeddable":true,"href":"https:\/\/reltekenerji.com.tr\/en\/wp-json\/wp\/v2\/users\/1"}],"replies":[{"embeddable":true,"href":"https:\/\/reltekenerji.com.tr\/en\/wp-json\/wp\/v2\/comments?post=5608"}],"version-history":[{"count":0,"href":"https:\/\/reltekenerji.com.tr\/en\/wp-json\/wp\/v2\/pages\/5608\/revisions"}],"wp:attachment":[{"href":"https:\/\/reltekenerji.com.tr\/en\/wp-json\/wp\/v2\/media?parent=5608"}],"curies":[{"name":"wp","href":"https:\/\/api.w.org\/{rel}","templated":true}]}}