{"id":5627,"date":"2025-08-29T19:07:30","date_gmt":"2025-08-29T16:07:30","guid":{"rendered":"https:\/\/reltekenerji.com.tr\/reltek-enerji-elektrik-ltd-sti-cookie-policy\/"},"modified":"2026-03-01T18:51:29","modified_gmt":"2026-03-01T15:51:29","slug":"reltek-enerji-elektrik-ltd-sti-cookie-policy","status":"publish","type":"page","link":"https:\/\/reltekenerji.com.tr\/en\/reltek-enerji-elektrik-ltd-sti-cookie-policy\/","title":{"rendered":"Reltek Enerji Elektrik Ltd. \u015eti. Cookie Policy"},"content":{"rendered":"\t\t<div data-elementor-type=\"wp-page\" data-elementor-id=\"5627\" class=\"elementor elementor-5627 elementor-3322\" data-elementor-post-type=\"page\">\n\t\t\t\t<div class=\"elementor-element elementor-element-0e806f5 e-con-full e-flex e-con e-parent\" data-id=\"0e806f5\" data-element_type=\"container\" data-e-type=\"container\" data-settings=\"{&quot;background_background&quot;:&quot;classic&quot;,&quot;background_motion_fx_motion_fx_scrolling&quot;:&quot;yes&quot;,&quot;background_motion_fx_devices&quot;:[&quot;desktop&quot;,&quot;tablet&quot;,&quot;mobile&quot;]}\">\n\t\t\t\t<div class=\"elementor-element elementor-element-b2d32e3 elementor-widget elementor-widget-heading\" data-id=\"b2d32e3\" data-element_type=\"widget\" data-e-type=\"widget\" data-widget_type=\"heading.default\">\n\t\t\t\t\t<h1 class=\"elementor-heading-title elementor-size-default\">  Cookie Policy<\/h1>\t\t\t\t<\/div>\n\t\t\t\t<div class=\"elementor-element elementor-element-3f0bfb0 elementor-widget-divider--view-line elementor-widget elementor-widget-divider\" data-id=\"3f0bfb0\" data-element_type=\"widget\" data-e-type=\"widget\" data-widget_type=\"divider.default\">\n\t\t\t\t\t\t\t<div class=\"elementor-divider\">\n\t\t\t<span class=\"elementor-divider-separator\">\n\t\t\t\t\t\t<\/span>\n\t\t<\/div>\n\t\t\t\t\t\t<\/div>\n\t\t\t\t<div class=\"elementor-element elementor-element-267fdb5 elementor-widget elementor-widget-heading\" data-id=\"267fdb5\" data-element_type=\"widget\" data-e-type=\"widget\" data-widget_type=\"heading.default\">\n\t\t\t\t\t<h4 class=\"elementor-heading-title elementor-size-default\">Policies<\/h4>\t\t\t\t<\/div>\n\t\t\t\t<\/div>\n\t\t<div class=\"elementor-element elementor-element-a7a06e7 e-flex e-con-boxed e-con e-parent\" data-id=\"a7a06e7\" data-element_type=\"container\" data-e-type=\"container\">\n\t\t\t\t\t<div class=\"e-con-inner\">\n\t\t\t\t<div class=\"elementor-element elementor-element-f3a7907 elementor-widget elementor-widget-text-editor\" data-id=\"f3a7907\" data-element_type=\"widget\" data-e-type=\"widget\" data-widget_type=\"text-editor.default\">\n\t\t\t\t\t\t\t\t\t<p>As Reltek Enerji Elektrik Ltd. \u015eti. (\u201cCompany\u201d), we utilize cookies to provide a better experience to our users who visit our website. This Cookie Policy explains what types of cookies we use, for what purposes we process them, and how our users can manage their preferences.   <\/p>\t\t\t\t\t\t\t\t<\/div>\n\t\t\t\t<div class=\"elementor-element elementor-element-b57e965 elementor-widget elementor-widget-heading\" data-id=\"b57e965\" data-element_type=\"widget\" data-e-type=\"widget\" data-widget_type=\"heading.default\">\n\t\t\t\t\t<h2 class=\"elementor-heading-title elementor-size-default\">What is a Cookie?<\/h2>\t\t\t\t<\/div>\n\t\t\t\t<div class=\"elementor-element elementor-element-2fb7c5c elementor-widget elementor-widget-text-editor\" data-id=\"2fb7c5c\" data-element_type=\"widget\" data-e-type=\"widget\" data-widget_type=\"text-editor.default\">\n\t\t\t\t\t\t\t\t\t<p>Cookies are small text files that are saved on your device via your browser by the websites you visit. These files help the website recognize your device and remember your preferences. Thanks to cookies, your user experience is personalized and website performance is increased.  <\/p>\t\t\t\t\t\t\t\t<\/div>\n\t\t\t\t<div class=\"elementor-element elementor-element-a1166da elementor-widget elementor-widget-heading\" data-id=\"a1166da\" data-element_type=\"widget\" data-e-type=\"widget\" data-widget_type=\"heading.default\">\n\t\t\t\t\t<h3 class=\"elementor-heading-title elementor-size-default\">What Types of Cookies Do We Use?<\/h3>\t\t\t\t<\/div>\n\t\t\t\t<div class=\"elementor-element elementor-element-d658da9 elementor-widget elementor-widget-text-editor\" data-id=\"d658da9\" data-element_type=\"widget\" data-e-type=\"widget\" data-widget_type=\"text-editor.default\">\n\t\t\t\t\t\t\t\t\t<p>&#8211; Mandatory Cookies: These are necessary for our website to perform its basic functions. (Such as logging in, navigating between pages)<br>&#8211; Performance and Analytical Cookies: Collects anonymous data to understand how you use the site and improve our services.<br>&#8211; Functional Cookies: Offers a more personal experience by remembering your preferences (language selection, username, etc.).<br>&#8211; Advertising and Marketing Cookies: Enables advertisements and content to be displayed according to your interests. <\/p>\t\t\t\t\t\t\t\t<\/div>\n\t\t\t\t<div class=\"elementor-element elementor-element-f097215 elementor-widget elementor-widget-heading\" data-id=\"f097215\" data-element_type=\"widget\" data-e-type=\"widget\" data-widget_type=\"heading.default\">\n\t\t\t\t\t<h3 class=\"elementor-heading-title elementor-size-default\">For What Purposes Do We Use Cookies?<\/h3>\t\t\t\t<\/div>\n\t\t\t\t<div class=\"elementor-element elementor-element-aaf0345 elementor-widget elementor-widget-text-editor\" data-id=\"aaf0345\" data-element_type=\"widget\" data-e-type=\"widget\" data-widget_type=\"text-editor.default\">\n\t\t\t\t\t\t\t\t\t<p>&#8211; To ensure our website operates securely and efficiently,<br>&#8211; To improve user experience,<br>&#8211; To provide personalized service by remembering preferences and settings,<br>&#8211; To measure performance by analyzing visitor traffic,<br>&#8211; To optimize marketing activities and advertising displays.<\/p>\t\t\t\t\t\t\t\t<\/div>\n\t\t\t\t<div class=\"elementor-element elementor-element-6409257 elementor-widget elementor-widget-heading\" data-id=\"6409257\" data-element_type=\"widget\" data-e-type=\"widget\" data-widget_type=\"heading.default\">\n\t\t\t\t\t<h3 class=\"elementor-heading-title elementor-size-default\">How Can You Manage Your Cookie Preferences?<\/h3>\t\t\t\t<\/div>\n\t\t\t\t<div class=\"elementor-element elementor-element-6e2b9cc elementor-widget elementor-widget-text-editor\" data-id=\"6e2b9cc\" data-element_type=\"widget\" data-e-type=\"widget\" data-widget_type=\"text-editor.default\">\n\t\t\t\t\t\t\t\t\t<p>You have the right to accept or reject cookies. You can prevent or limit the use of cookies by changing your browser settings. However, disabling cookies may cause some functions of our website to not work fully.  <br><br>To manage your cookie settings via your browser:<br>&#8211; Google Chrome: Settings  &gt;  Privacy and Security  &gt;  Cookies and other site data<br>&#8211; Mozilla Firefox: Options  &gt;  Privacy and Security  &gt;  Cookies<br>&#8211; Safari: Preferences  &gt;  Privacy  &gt;  Cookies<br>&#8211; Microsoft Edge: Settings  &gt;  Cookies and Site Permissions<\/p>\t\t\t\t\t\t\t\t<\/div>\n\t\t\t\t<div class=\"elementor-element elementor-element-d3dbe19 elementor-widget elementor-widget-heading\" data-id=\"d3dbe19\" data-element_type=\"widget\" data-e-type=\"widget\" data-widget_type=\"heading.default\">\n\t\t\t\t\t<h3 class=\"elementor-heading-title elementor-size-default\">Personal Data and Cookies<\/h3>\t\t\t\t<\/div>\n\t\t\t\t<div class=\"elementor-element elementor-element-043982d elementor-widget elementor-widget-text-editor\" data-id=\"043982d\" data-element_type=\"widget\" data-e-type=\"widget\" data-widget_type=\"text-editor.default\">\n\t\t\t\t\t\t\t\t\t<p>Data collected through cookies is processed and protected within the framework of the KVKK and related legislation. You can review our Clarification Text for more information. <\/p>\t\t\t\t\t\t\t\t<\/div>\n\t\t\t\t<div class=\"elementor-element elementor-element-cfc0004 elementor-widget elementor-widget-heading\" data-id=\"cfc0004\" data-element_type=\"widget\" data-e-type=\"widget\" data-widget_type=\"heading.default\">\n\t\t\t\t\t<h3 class=\"elementor-heading-title elementor-size-default\">Contact<\/h3>\t\t\t\t<\/div>\n\t\t\t\t<div class=\"elementor-element elementor-element-b17ead1 elementor-widget elementor-widget-text-editor\" data-id=\"b17ead1\" data-element_type=\"widget\" data-e-type=\"widget\" data-widget_type=\"text-editor.default\">\n\t\t\t\t\t\t\t\t\t<p>You can contact us for your questions about our Cookie Policy:<br><br>Reltek Enerji Elektrik Ltd. \u015eti.<br>Phone: 0312 395 03 78<br>E-mail: info@reltekenerji.com <\/p>\t\t\t\t\t\t\t\t<\/div>\n\t\t\t\t\t<\/div>\n\t\t\t\t<\/div>\n\t\t\t\t<\/div>\n\t\t","protected":false},"excerpt":{"rendered":"<p>Cookie Policy Policies As Reltek Enerji Elektrik Ltd. \u015eti. (\u201cCompany\u201d), we utilize cookies to provide a better experience to our users who visit our website&#8230;.<\/p>\n","protected":false},"author":1,"featured_media":0,"parent":0,"menu_order":0,"comment_status":"closed","ping_status":"closed","template":"elementor_header_footer","meta":{"footnotes":""},"class_list":["post-5627","page","type-page","status-publish","hentry"],"aioseo_notices":[],"aioseo_head":"\n\t\t<!-- All in One SEO Pro 4.9.6.2 - aioseo.com -->\n\t<meta name=\"description\" content=\"Cookie Policy | RELTEK Energy, What is a Cookie? What Types of Cookies Do We Use? For What Purposes Do We Use Cookies? Personal Data and Cookies.\" \/>\n\t<meta name=\"robots\" content=\"max-image-preview:large\" \/>\n\t<link rel=\"canonical\" href=\"https:\/\/reltekenerji.com.tr\/en\/reltek-enerji-elektrik-ltd-sti-cookie-policy\/\" \/>\n\t<meta name=\"generator\" content=\"All in One SEO Pro (AIOSEO) 4.9.6.2\" \/>\n\t\t<meta property=\"og:locale\" content=\"en_US\" \/>\n\t\t<meta property=\"og:site_name\" content=\"Reltek Enerji | G\u00fcne\u015f Enerjisi | SCADA | Enerji Depolama | Yat\u0131r\u0131m ve Proje Geli\u015ftirme | EPC | Gelece\u011fi \u015eekillendiren G\u00fc\u00e7!\" \/>\n\t\t<meta property=\"og:type\" content=\"article\" \/>\n\t\t<meta property=\"og:title\" content=\"Cookie Policy | RELTEK Energy | What is a Cookie?\" \/>\n\t\t<meta property=\"og:description\" content=\"Cookie Policy | RELTEK Energy, What is a Cookie? What Types of Cookies Do We Use? For What Purposes Do We Use Cookies? Personal Data and Cookies.\" \/>\n\t\t<meta property=\"og:url\" content=\"https:\/\/reltekenerji.com.tr\/en\/reltek-enerji-elektrik-ltd-sti-cookie-policy\/\" \/>\n\t\t<meta property=\"og:image\" content=\"https:\/\/reltekenerji.com.tr\/wp-content\/uploads\/2025\/07\/logo-reltek-700.png\" \/>\n\t\t<meta property=\"og:image:secure_url\" content=\"https:\/\/reltekenerji.com.tr\/wp-content\/uploads\/2025\/07\/logo-reltek-700.png\" \/>\n\t\t<meta property=\"og:image:width\" content=\"700\" \/>\n\t\t<meta property=\"og:image:height\" content=\"146\" \/>\n\t\t<meta property=\"article:published_time\" content=\"2025-08-29T16:07:30+00:00\" \/>\n\t\t<meta property=\"article:modified_time\" content=\"2026-03-01T15:51:29+00:00\" \/>\n\t\t<meta name=\"twitter:card\" content=\"summary_large_image\" \/>\n\t\t<meta name=\"twitter:title\" content=\"Cookie Policy | RELTEK Energy | What is a Cookie?\" \/>\n\t\t<meta name=\"twitter:description\" content=\"Cookie Policy | RELTEK Energy, What is a Cookie? What Types of Cookies Do We Use? For What Purposes Do We Use Cookies? Personal Data and Cookies.\" \/>\n\t\t<meta name=\"twitter:image\" content=\"https:\/\/reltekenerji.com.tr\/wp-content\/uploads\/2025\/07\/logo-reltek-700.png\" \/>\n\t\t<script type=\"application\/ld+json\" class=\"aioseo-schema\">\n\t\t\t{\"@context\":\"https:\\\/\\\/schema.org\",\"@graph\":[{\"@type\":\"BreadcrumbList\",\"@id\":\"https:\\\/\\\/reltekenerji.com.tr\\\/en\\\/reltek-enerji-elektrik-ltd-sti-cookie-policy\\\/#breadcrumblist\",\"itemListElement\":[{\"@type\":\"ListItem\",\"@id\":\"https:\\\/\\\/reltekenerji.com.tr\\\/en\\\/reltek-enerji-elektrik-ltd-sti-cookie-policy\\\/#listItem\",\"position\":1,\"name\":\"Reltek Enerji Elektrik Ltd. \\u015eti. Cookie Policy\"}]},{\"@type\":\"Organization\",\"@id\":\"https:\\\/\\\/reltekenerji.com.tr\\\/en\\\/#organization\",\"name\":\"Reltek Enerji Elektrik Otomasyon Bilg. \\u0130n\\u015f. Taah. Proje San. Tic. Ltd. \\u015eti.\",\"description\":\"Artan enerji ihtiyac\\u0131 ve \\u00e7evre duyarl\\u0131l\\u0131\\u011f\\u0131 neticesinde s\\u00fcrd\\u00fcr\\u00fclebilir enerji y\\u00fckselen bir de\\u011fer halini ald\\u0131. D\\u00fcnya genelinde bir\\u00e7ok \\u00fclke ve marka ekonomik ve yerel \\u00e7\\u00f6z\\u00fcmler \\u00fcretme yar\\u0131\\u015f\\u0131na girdi. \\u0130\\u015fte uzun y\\u0131llard\\u0131r bu yar\\u0131\\u015fta yer alan Reltek Enerji; \\u00f6zellikle m\\u00fchendislik, otomasyon ve enerji teknolojilerinde yerli m\\u00fchendislikle projeler geli\\u015ftirme konusunda y\\u0131llard\\u0131r hizmet veriyor.\",\"url\":\"https:\\\/\\\/reltekenerji.com.tr\\\/en\\\/\",\"email\":\"info@reltekenerji.com.tr\",\"telephone\":\"+903123950378\",\"foundingDate\":\"2016-12-01\",\"numberOfEmployees\":{\"@type\":\"QuantitativeValue\",\"value\":10},\"logo\":{\"@type\":\"ImageObject\",\"url\":\"https:\\\/\\\/reltekenerji.com.tr\\\/wp-content\\\/uploads\\\/2025\\\/07\\\/logo-reltek-700.png\",\"@id\":\"https:\\\/\\\/reltekenerji.com.tr\\\/en\\\/reltek-enerji-elektrik-ltd-sti-cookie-policy\\\/#organizationLogo\",\"width\":700,\"height\":146,\"caption\":\"Reltek Enerji Logo\"},\"image\":{\"@id\":\"https:\\\/\\\/reltekenerji.com.tr\\\/en\\\/reltek-enerji-elektrik-ltd-sti-cookie-policy\\\/#organizationLogo\"},\"sameAs\":[\"https:\\\/\\\/www.instagram.com\\\/reltekenerji\\\/\",\"https:\\\/\\\/www.linkedin.com\\\/company\\\/reltek-enerji\\\/\"],\"address\":{\"@id\":\"https:\\\/\\\/reltekenerji.com.tr\\\/en\\\/#postaladdress\",\"@type\":\"PostalAddress\",\"streetAddress\":\"Konutkent Mah. 2994 Cad. No:13, \\u00c7ankaya \\\/ Ankara \\u2013 T\\u00dcRK\\u0130YE\",\"postalCode\":\"06810\",\"addressLocality\":\"Ankara\",\"addressRegion\":\"Ankara\",\"addressCountry\":\"TR\"},\"vatID\":\"7340963816\"},{\"@type\":\"WebPage\",\"@id\":\"https:\\\/\\\/reltekenerji.com.tr\\\/en\\\/reltek-enerji-elektrik-ltd-sti-cookie-policy\\\/#webpage\",\"url\":\"https:\\\/\\\/reltekenerji.com.tr\\\/en\\\/reltek-enerji-elektrik-ltd-sti-cookie-policy\\\/\",\"name\":\"Cookie Policy | RELTEK Energy | What is a Cookie?\",\"description\":\"Cookie Policy | RELTEK Energy, What is a Cookie? What Types of Cookies Do We Use? For What Purposes Do We Use Cookies? Personal Data and Cookies.\",\"inLanguage\":\"en-US\",\"isPartOf\":{\"@id\":\"https:\\\/\\\/reltekenerji.com.tr\\\/en\\\/#website\"},\"breadcrumb\":{\"@id\":\"https:\\\/\\\/reltekenerji.com.tr\\\/en\\\/reltek-enerji-elektrik-ltd-sti-cookie-policy\\\/#breadcrumblist\"},\"datePublished\":\"2025-08-29T19:07:30+03:00\",\"dateModified\":\"2026-03-01T18:51:29+03:00\"},{\"@type\":\"WebSite\",\"@id\":\"https:\\\/\\\/reltekenerji.com.tr\\\/en\\\/#website\",\"url\":\"https:\\\/\\\/reltekenerji.com.tr\\\/en\\\/\",\"name\":\"RELTEK Enerji | Yenilenebilir Enerji Proje ve \\u00c7\\u00f6z\\u00fcmleri\",\"description\":\"Gelece\\u011fi \\u015eekillendiren G\\u00fc\\u00e7!\",\"inLanguage\":\"en-US\",\"publisher\":{\"@id\":\"https:\\\/\\\/reltekenerji.com.tr\\\/en\\\/#organization\"}}]}\n\t\t<\/script>\n\t\t<!-- All in One SEO Pro -->\r\n\t\t<title>Cookie Policy | RELTEK Energy | What is a Cookie?<\/title>\n\n","aioseo_head_json":{"title":"Cookie Policy | RELTEK Energy | What is a Cookie?","description":"Cookie Policy | RELTEK Energy, What is a Cookie? What Types of Cookies Do We Use? For What Purposes Do We Use Cookies? Personal Data and Cookies.","canonical_url":"https:\/\/reltekenerji.com.tr\/en\/reltek-enerji-elektrik-ltd-sti-cookie-policy\/","robots":"max-image-preview:large","keywords":"","webmasterTools":{"miscellaneous":""},"schema":{"@context":"https:\/\/schema.org","@graph":[{"@type":"BreadcrumbList","@id":"https:\/\/reltekenerji.com.tr\/en\/reltek-enerji-elektrik-ltd-sti-cookie-policy\/#breadcrumblist","itemListElement":[{"@type":"ListItem","@id":"https:\/\/reltekenerji.com.tr\/en\/reltek-enerji-elektrik-ltd-sti-cookie-policy\/#listItem","position":1,"name":"Reltek Enerji Elektrik Ltd. \u015eti. Cookie Policy"}]},{"@type":"Organization","@id":"https:\/\/reltekenerji.com.tr\/en\/#organization","name":"Reltek Enerji Elektrik Otomasyon Bilg. \u0130n\u015f. Taah. Proje San. Tic. Ltd. \u015eti.","description":"Artan enerji ihtiyac\u0131 ve \u00e7evre duyarl\u0131l\u0131\u011f\u0131 neticesinde s\u00fcrd\u00fcr\u00fclebilir enerji y\u00fckselen bir de\u011fer halini ald\u0131. D\u00fcnya genelinde bir\u00e7ok \u00fclke ve marka ekonomik ve yerel \u00e7\u00f6z\u00fcmler \u00fcretme yar\u0131\u015f\u0131na girdi. \u0130\u015fte uzun y\u0131llard\u0131r bu yar\u0131\u015fta yer alan Reltek Enerji; \u00f6zellikle m\u00fchendislik, otomasyon ve enerji teknolojilerinde yerli m\u00fchendislikle projeler geli\u015ftirme konusunda y\u0131llard\u0131r hizmet veriyor.","url":"https:\/\/reltekenerji.com.tr\/en\/","email":"info@reltekenerji.com.tr","telephone":"+903123950378","foundingDate":"2016-12-01","numberOfEmployees":{"@type":"QuantitativeValue","value":10},"logo":{"@type":"ImageObject","url":"https:\/\/reltekenerji.com.tr\/wp-content\/uploads\/2025\/07\/logo-reltek-700.png","@id":"https:\/\/reltekenerji.com.tr\/en\/reltek-enerji-elektrik-ltd-sti-cookie-policy\/#organizationLogo","width":700,"height":146,"caption":"Reltek Enerji Logo"},"image":{"@id":"https:\/\/reltekenerji.com.tr\/en\/reltek-enerji-elektrik-ltd-sti-cookie-policy\/#organizationLogo"},"sameAs":["https:\/\/www.instagram.com\/reltekenerji\/","https:\/\/www.linkedin.com\/company\/reltek-enerji\/"],"address":{"@id":"https:\/\/reltekenerji.com.tr\/en\/#postaladdress","@type":"PostalAddress","streetAddress":"Konutkent Mah. 2994 Cad. No:13, \u00c7ankaya \/ Ankara \u2013 T\u00dcRK\u0130YE","postalCode":"06810","addressLocality":"Ankara","addressRegion":"Ankara","addressCountry":"TR"},"vatID":"7340963816"},{"@type":"WebPage","@id":"https:\/\/reltekenerji.com.tr\/en\/reltek-enerji-elektrik-ltd-sti-cookie-policy\/#webpage","url":"https:\/\/reltekenerji.com.tr\/en\/reltek-enerji-elektrik-ltd-sti-cookie-policy\/","name":"Cookie Policy | RELTEK Energy | What is a Cookie?","description":"Cookie Policy | RELTEK Energy, What is a Cookie? What Types of Cookies Do We Use? For What Purposes Do We Use Cookies? Personal Data and Cookies.","inLanguage":"en-US","isPartOf":{"@id":"https:\/\/reltekenerji.com.tr\/en\/#website"},"breadcrumb":{"@id":"https:\/\/reltekenerji.com.tr\/en\/reltek-enerji-elektrik-ltd-sti-cookie-policy\/#breadcrumblist"},"datePublished":"2025-08-29T19:07:30+03:00","dateModified":"2026-03-01T18:51:29+03:00"},{"@type":"WebSite","@id":"https:\/\/reltekenerji.com.tr\/en\/#website","url":"https:\/\/reltekenerji.com.tr\/en\/","name":"RELTEK Enerji | Yenilenebilir Enerji Proje ve \u00c7\u00f6z\u00fcmleri","description":"Gelece\u011fi \u015eekillendiren G\u00fc\u00e7!","inLanguage":"en-US","publisher":{"@id":"https:\/\/reltekenerji.com.tr\/en\/#organization"}}]},"og:locale":"en_US","og:site_name":"Reltek Enerji | G\u00fcne\u015f Enerjisi | SCADA | Enerji Depolama | Yat\u0131r\u0131m ve Proje Geli\u015ftirme | EPC | Gelece\u011fi \u015eekillendiren G\u00fc\u00e7!","og:type":"article","og:title":"Cookie Policy | RELTEK Energy | What is a Cookie?","og:description":"Cookie Policy | RELTEK Energy, What is a Cookie? What Types of Cookies Do We Use? For What Purposes Do We Use Cookies? Personal Data and Cookies.","og:url":"https:\/\/reltekenerji.com.tr\/en\/reltek-enerji-elektrik-ltd-sti-cookie-policy\/","og:image":"https:\/\/reltekenerji.com.tr\/wp-content\/uploads\/2025\/07\/logo-reltek-700.png","og:image:secure_url":"https:\/\/reltekenerji.com.tr\/wp-content\/uploads\/2025\/07\/logo-reltek-700.png","og:image:width":700,"og:image:height":146,"article:published_time":"2025-08-29T16:07:30+00:00","article:modified_time":"2026-03-01T15:51:29+00:00","twitter:card":"summary_large_image","twitter:title":"Cookie Policy | RELTEK Energy | What is a Cookie?","twitter:description":"Cookie Policy | RELTEK Energy, What is a Cookie? What Types of Cookies Do We Use? For What Purposes Do We Use Cookies? Personal Data and Cookies.","twitter:image":"https:\/\/reltekenerji.com.tr\/wp-content\/uploads\/2025\/07\/logo-reltek-700.png"},"aioseo_meta_data":{"post_id":"5627","title":"Cookie Policy | RELTEK Energy | What is a Cookie?","description":"Cookie Policy | RELTEK Energy, What is a Cookie? What Types of Cookies Do We Use? For What Purposes Do We Use Cookies? Personal Data and Cookies.","keywords":null,"keyphrases":{"focus":{"keyphrase":"Cookie Policy","score":90,"analysis":{"keyphraseInTitle":{"score":9,"maxScore":9,"error":0},"keyphraseInDescription":{"score":9,"maxScore":9,"error":0},"keyphraseLength":{"score":9,"maxScore":9,"error":0,"length":2},"keyphraseInURL":{"score":5,"maxScore":5,"error":0},"keyphraseInIntroduction":{"score":9,"maxScore":9,"error":0},"keyphraseInSubHeadings":{"score":3,"maxScore":9,"error":1},"keyphraseInImageAlt":[],"keywordDensity":{"type":"best","score":9,"maxScore":9,"error":0}}},"additional":[]},"primary_term":null,"canonical_url":null,"og_title":null,"og_description":null,"og_object_type":"default","og_image_type":"default","og_image_url":null,"og_image_width":null,"og_image_height":null,"og_image_custom_url":null,"og_image_custom_fields":null,"og_video":"","og_custom_url":null,"og_article_section":null,"og_article_tags":null,"twitter_use_og":false,"twitter_card":"default","twitter_image_type":"default","twitter_image_url":null,"twitter_image_custom_url":null,"twitter_image_custom_fields":null,"twitter_title":null,"twitter_description":null,"schema":{"blockGraphs":[],"customGraphs":[],"default":{"data":{"Article":[],"Course":[],"Dataset":[],"FAQPage":[],"Movie":[],"Person":[],"Product":[],"ProductReview":[],"Car":[],"Recipe":[],"Service":[],"SoftwareApplication":[],"WebPage":[]},"graphName":"WebPage","isEnabled":true},"graphs":[]},"schema_type":"default","schema_type_options":null,"pillar_content":false,"robots_default":true,"robots_noindex":false,"robots_noarchive":false,"robots_nosnippet":false,"robots_nofollow":false,"robots_noimageindex":false,"robots_noodp":false,"robots_notranslate":false,"robots_max_snippet":"-1","robots_max_videopreview":"-1","robots_max_imagepreview":"large","priority":null,"frequency":"default","local_seo":null,"seo_analyzer_scan_date":"2026-03-01 15:54:59","breadcrumb_settings":null,"limit_modified_date":false,"reviewed_by":null,"open_ai":null,"ai":{"faqs":[],"keyPoints":[],"titles":[],"descriptions":[],"socialPosts":{"email":[],"linkedin":[],"twitter":[],"facebook":[],"instagram":[]}},"created":"2025-10-29 15:30:40","updated":"2026-03-01 17:08:01"},"aioseo_breadcrumb":"<div class=\"aioseo-breadcrumbs\"><span class=\"aioseo-breadcrumb\">\n\tReltek Enerji Elektrik Ltd. \u015eti. Cookie Policy\n<\/span><\/div>","aioseo_breadcrumb_json":[{"label":"Reltek Enerji Elektrik Ltd. \u015eti. Cookie Policy","link":"https:\/\/reltekenerji.com.tr\/en\/reltek-enerji-elektrik-ltd-sti-cookie-policy\/"}],"_links":{"self":[{"href":"https:\/\/reltekenerji.com.tr\/en\/wp-json\/wp\/v2\/pages\/5627","targetHints":{"allow":["GET"]}}],"collection":[{"href":"https:\/\/reltekenerji.com.tr\/en\/wp-json\/wp\/v2\/pages"}],"about":[{"href":"https:\/\/reltekenerji.com.tr\/en\/wp-json\/wp\/v2\/types\/page"}],"author":[{"embeddable":true,"href":"https:\/\/reltekenerji.com.tr\/en\/wp-json\/wp\/v2\/users\/1"}],"replies":[{"embeddable":true,"href":"https:\/\/reltekenerji.com.tr\/en\/wp-json\/wp\/v2\/comments?post=5627"}],"version-history":[{"count":0,"href":"https:\/\/reltekenerji.com.tr\/en\/wp-json\/wp\/v2\/pages\/5627\/revisions"}],"wp:attachment":[{"href":"https:\/\/reltekenerji.com.tr\/en\/wp-json\/wp\/v2\/media?parent=5627"}],"curies":[{"name":"wp","href":"https:\/\/api.w.org\/{rel}","templated":true}]}}