{"id":5631,"date":"2025-08-29T19:05:16","date_gmt":"2025-08-29T16:05:16","guid":{"rendered":"https:\/\/reltekenerji.com.tr\/reltek-enerji-elektrik-ltd-sti-disclaimer\/"},"modified":"2026-03-01T18:53:56","modified_gmt":"2026-03-01T15:53:56","slug":"reltek-enerji-elektrik-ltd-sti-disclaimer","status":"publish","type":"page","link":"https:\/\/reltekenerji.com.tr\/en\/reltek-enerji-elektrik-ltd-sti-disclaimer\/","title":{"rendered":"Reltek Enerji Elektrik Ltd. \u015eti. Disclaimer"},"content":{"rendered":"\t\t<div data-elementor-type=\"wp-page\" data-elementor-id=\"5631\" class=\"elementor elementor-5631 elementor-3317\" data-elementor-post-type=\"page\">\n\t\t\t\t<div class=\"elementor-element elementor-element-a576290 e-con-full e-flex e-con e-parent\" data-id=\"a576290\" data-element_type=\"container\" data-e-type=\"container\" data-settings=\"{&quot;background_background&quot;:&quot;classic&quot;,&quot;background_motion_fx_motion_fx_scrolling&quot;:&quot;yes&quot;,&quot;background_motion_fx_devices&quot;:[&quot;desktop&quot;,&quot;tablet&quot;,&quot;mobile&quot;]}\">\n\t\t\t\t<div class=\"elementor-element elementor-element-453f162 elementor-widget elementor-widget-heading\" data-id=\"453f162\" data-element_type=\"widget\" data-e-type=\"widget\" data-widget_type=\"heading.default\">\n\t\t\t\t\t<h1 class=\"elementor-heading-title elementor-size-default\">Disclaimer<\/h1>\t\t\t\t<\/div>\n\t\t\t\t<div class=\"elementor-element elementor-element-821292c elementor-widget-divider--view-line elementor-widget elementor-widget-divider\" data-id=\"821292c\" data-element_type=\"widget\" data-e-type=\"widget\" data-widget_type=\"divider.default\">\n\t\t\t\t\t\t\t<div class=\"elementor-divider\">\n\t\t\t<span class=\"elementor-divider-separator\">\n\t\t\t\t\t\t<\/span>\n\t\t<\/div>\n\t\t\t\t\t\t<\/div>\n\t\t\t\t<div class=\"elementor-element elementor-element-138c85a elementor-widget elementor-widget-heading\" data-id=\"138c85a\" data-element_type=\"widget\" data-e-type=\"widget\" data-widget_type=\"heading.default\">\n\t\t\t\t\t<h4 class=\"elementor-heading-title elementor-size-default\">Policies<\/h4>\t\t\t\t<\/div>\n\t\t\t\t<\/div>\n\t\t<div class=\"elementor-element elementor-element-f5f5c7c e-flex e-con-boxed e-con e-parent\" data-id=\"f5f5c7c\" data-element_type=\"container\" data-e-type=\"container\">\n\t\t\t\t\t<div class=\"e-con-inner\">\n\t\t\t\t<div class=\"elementor-element elementor-element-b181a5f elementor-widget elementor-widget-text-editor\" data-id=\"b181a5f\" data-element_type=\"widget\" data-e-type=\"widget\" data-widget_type=\"text-editor.default\">\n\t\t\t\t\t\t\t\t\t<p>Reltek Enerji Elektrik Ltd. \u015eti. (&#8220;Company&#8221;) prepares all information, documents and content shared on its website and other communication channels in good faith and in light of current information. However, no direct or indirect responsibility is accepted in any way regarding the disclaimer matters specified below:   <\/p>\t\t\t\t\t\t\t\t<\/div>\n\t\t\t\t<div class=\"elementor-element elementor-element-b459cfb elementor-widget elementor-widget-text-editor\" data-id=\"b459cfb\" data-element_type=\"widget\" data-e-type=\"widget\" data-widget_type=\"text-editor.default\">\n\t\t\t\t\t\t\t\t\t<h3>1. Information and Content Accuracy<\/h3><p>&#8211; The information on our website is provided for general informational purposes only.<br>&#8211; Technical data, product descriptions, pricing and project information may change over time and become outdated.<br>&#8211; Users are advised to contact our Company before making decisions based on this information.<\/p><h3>2. Products and Services<\/h3><p>&#8211; The content on our website does not constitute a commitment and does not imply any guarantee of sales, rental, financing or investment.<br>&#8211; Energy projects, technical installations and consulting services are subject to legislation, official institutional approvals and technical specifications.<br>&#8211; Expectations regarding the performance of any product or service are the user&#8217;s responsibility.<\/p><h3>3. External Links<\/h3><p>&#8211; Redirections to third-party websites may be made through our website.<br>&#8211; Our Company has no control over the content, services or policies offered on these sites.<br>&#8211; Users must exercise caution regarding risks that may arise from these links.<\/p><h3>4. Technical Risks<\/h3><p>&#8211; Our Company is not responsible for damages that may arise due to interruptions, slowdowns, data loss or system errors that may occur during access to our website.<br>&#8211; Users act by accepting all risks related to internet usage.<\/p><h3>5. Legal Notice<\/h3><p>&#8211; Copying, reproducing or using the content on our website for commercial purposes without the written consent of our Company is prohibited.<br>&#8211; Otherwise, any legal and criminal liabilities that may arise belong to the relevant persons or institutions.<\/p><h3>6. Right to Modify<\/h3><p>&#8211; Our Company reserves the right to update or modify this Disclaimer text without prior notice.<br>&#8211; It is the users&#8217; responsibility to follow the current text.<\/p><p>In summary: Reltek Enerji Elektrik Ltd. \u015eti. does not assume any direct or indirect responsibility arising from information contained on its website or communication channels.<\/p>\t\t\t\t\t\t\t\t<\/div>\n\t\t\t\t\t<\/div>\n\t\t\t\t<\/div>\n\t\t\t\t<\/div>\n\t\t","protected":false},"excerpt":{"rendered":"<p>Disclaimer Policies Reltek Enerji Elektrik Ltd. \u015eti. (&#8220;Company&#8221;) prepares all information, documents and content shared on its website and other communication channels in good faith&#8230;<\/p>\n","protected":false},"author":1,"featured_media":0,"parent":0,"menu_order":0,"comment_status":"closed","ping_status":"closed","template":"elementor_header_footer","meta":{"footnotes":""},"class_list":["post-5631","page","type-page","status-publish","hentry"],"aioseo_notices":[],"aioseo_head":"\n\t\t<!-- All in One SEO Pro 4.9.6.1 - aioseo.com -->\n\t<meta name=\"description\" content=\"Disclaimer | RELTEK Energy, Information and Content Accuracy, Products and Services, External Links, Technical Risks, Legal Notice, Right to Modify.\" \/>\n\t<meta name=\"robots\" content=\"max-image-preview:large\" \/>\n\t<link rel=\"canonical\" href=\"https:\/\/reltekenerji.com.tr\/en\/reltek-enerji-elektrik-ltd-sti-disclaimer\/\" \/>\n\t<meta name=\"generator\" content=\"All in One SEO Pro (AIOSEO) 4.9.6.1\" \/>\n\t\t<meta property=\"og:locale\" content=\"en_US\" \/>\n\t\t<meta property=\"og:site_name\" content=\"Reltek Enerji | G\u00fcne\u015f Enerjisi | SCADA | Enerji Depolama | Yat\u0131r\u0131m ve Proje Geli\u015ftirme | EPC | Gelece\u011fi \u015eekillendiren G\u00fc\u00e7!\" \/>\n\t\t<meta property=\"og:type\" content=\"article\" \/>\n\t\t<meta property=\"og:title\" content=\"Disclaimer | RELTEK Energy | Our Policies\" \/>\n\t\t<meta property=\"og:description\" content=\"Disclaimer | RELTEK Energy, Information and Content Accuracy, Products and Services, External Links, Technical Risks, Legal Notice, Right to Modify.\" \/>\n\t\t<meta property=\"og:url\" content=\"https:\/\/reltekenerji.com.tr\/en\/reltek-enerji-elektrik-ltd-sti-disclaimer\/\" \/>\n\t\t<meta property=\"og:image\" content=\"https:\/\/reltekenerji.com.tr\/wp-content\/uploads\/2025\/07\/logo-reltek-700.png\" \/>\n\t\t<meta property=\"og:image:secure_url\" content=\"https:\/\/reltekenerji.com.tr\/wp-content\/uploads\/2025\/07\/logo-reltek-700.png\" \/>\n\t\t<meta property=\"og:image:width\" content=\"700\" \/>\n\t\t<meta property=\"og:image:height\" content=\"146\" \/>\n\t\t<meta property=\"article:published_time\" content=\"2025-08-29T16:05:16+00:00\" \/>\n\t\t<meta property=\"article:modified_time\" content=\"2026-03-01T15:53:56+00:00\" \/>\n\t\t<meta name=\"twitter:card\" content=\"summary_large_image\" \/>\n\t\t<meta name=\"twitter:title\" content=\"Disclaimer | RELTEK Energy | Our Policies\" \/>\n\t\t<meta name=\"twitter:description\" content=\"Disclaimer | RELTEK Energy, Information and Content Accuracy, Products and Services, External Links, Technical Risks, Legal Notice, Right to Modify.\" \/>\n\t\t<meta name=\"twitter:image\" content=\"https:\/\/reltekenerji.com.tr\/wp-content\/uploads\/2025\/07\/logo-reltek-700.png\" \/>\n\t\t<script type=\"application\/ld+json\" class=\"aioseo-schema\">\n\t\t\t{\"@context\":\"https:\\\/\\\/schema.org\",\"@graph\":[{\"@type\":\"BreadcrumbList\",\"@id\":\"https:\\\/\\\/reltekenerji.com.tr\\\/en\\\/reltek-enerji-elektrik-ltd-sti-disclaimer\\\/#breadcrumblist\",\"itemListElement\":[{\"@type\":\"ListItem\",\"@id\":\"https:\\\/\\\/reltekenerji.com.tr\\\/en\\\/reltek-enerji-elektrik-ltd-sti-disclaimer\\\/#listItem\",\"position\":1,\"name\":\"Reltek Enerji Elektrik Ltd. \\u015eti. Disclaimer\"}]},{\"@type\":\"Organization\",\"@id\":\"https:\\\/\\\/reltekenerji.com.tr\\\/en\\\/#organization\",\"name\":\"Reltek Enerji Elektrik Otomasyon Bilg. \\u0130n\\u015f. Taah. Proje San. Tic. Ltd. \\u015eti.\",\"description\":\"Artan enerji ihtiyac\\u0131 ve \\u00e7evre duyarl\\u0131l\\u0131\\u011f\\u0131 neticesinde s\\u00fcrd\\u00fcr\\u00fclebilir enerji y\\u00fckselen bir de\\u011fer halini ald\\u0131. D\\u00fcnya genelinde bir\\u00e7ok \\u00fclke ve marka ekonomik ve yerel \\u00e7\\u00f6z\\u00fcmler \\u00fcretme yar\\u0131\\u015f\\u0131na girdi. \\u0130\\u015fte uzun y\\u0131llard\\u0131r bu yar\\u0131\\u015fta yer alan Reltek Enerji; \\u00f6zellikle m\\u00fchendislik, otomasyon ve enerji teknolojilerinde yerli m\\u00fchendislikle projeler geli\\u015ftirme konusunda y\\u0131llard\\u0131r hizmet veriyor.\",\"url\":\"https:\\\/\\\/reltekenerji.com.tr\\\/en\\\/\",\"email\":\"info@reltekenerji.com.tr\",\"telephone\":\"+903123950378\",\"foundingDate\":\"2016-12-01\",\"numberOfEmployees\":{\"@type\":\"QuantitativeValue\",\"value\":10},\"logo\":{\"@type\":\"ImageObject\",\"url\":\"https:\\\/\\\/reltekenerji.com.tr\\\/wp-content\\\/uploads\\\/2025\\\/07\\\/logo-reltek-700.png\",\"@id\":\"https:\\\/\\\/reltekenerji.com.tr\\\/en\\\/reltek-enerji-elektrik-ltd-sti-disclaimer\\\/#organizationLogo\",\"width\":700,\"height\":146,\"caption\":\"Reltek Enerji Logo\"},\"image\":{\"@id\":\"https:\\\/\\\/reltekenerji.com.tr\\\/en\\\/reltek-enerji-elektrik-ltd-sti-disclaimer\\\/#organizationLogo\"},\"sameAs\":[\"https:\\\/\\\/www.instagram.com\\\/reltekenerji\\\/\",\"https:\\\/\\\/www.linkedin.com\\\/company\\\/reltek-enerji\\\/\"],\"address\":{\"@id\":\"https:\\\/\\\/reltekenerji.com.tr\\\/en\\\/#postaladdress\",\"@type\":\"PostalAddress\",\"streetAddress\":\"Konutkent Mah. 2994 Cad. No:13, \\u00c7ankaya \\\/ Ankara \\u2013 T\\u00dcRK\\u0130YE\",\"postalCode\":\"06810\",\"addressLocality\":\"Ankara\",\"addressRegion\":\"Ankara\",\"addressCountry\":\"TR\"},\"vatID\":\"7340963816\"},{\"@type\":\"WebPage\",\"@id\":\"https:\\\/\\\/reltekenerji.com.tr\\\/en\\\/reltek-enerji-elektrik-ltd-sti-disclaimer\\\/#webpage\",\"url\":\"https:\\\/\\\/reltekenerji.com.tr\\\/en\\\/reltek-enerji-elektrik-ltd-sti-disclaimer\\\/\",\"name\":\"Disclaimer | RELTEK Energy | Our Policies\",\"description\":\"Disclaimer | RELTEK Energy, Information and Content Accuracy, Products and Services, External Links, Technical Risks, Legal Notice, Right to Modify.\",\"inLanguage\":\"en-US\",\"isPartOf\":{\"@id\":\"https:\\\/\\\/reltekenerji.com.tr\\\/en\\\/#website\"},\"breadcrumb\":{\"@id\":\"https:\\\/\\\/reltekenerji.com.tr\\\/en\\\/reltek-enerji-elektrik-ltd-sti-disclaimer\\\/#breadcrumblist\"},\"datePublished\":\"2025-08-29T19:05:16+03:00\",\"dateModified\":\"2026-03-01T18:53:56+03:00\"},{\"@type\":\"WebSite\",\"@id\":\"https:\\\/\\\/reltekenerji.com.tr\\\/en\\\/#website\",\"url\":\"https:\\\/\\\/reltekenerji.com.tr\\\/en\\\/\",\"name\":\"RELTEK Enerji | Yenilenebilir Enerji Proje ve \\u00c7\\u00f6z\\u00fcmleri\",\"description\":\"Gelece\\u011fi \\u015eekillendiren G\\u00fc\\u00e7!\",\"inLanguage\":\"en-US\",\"publisher\":{\"@id\":\"https:\\\/\\\/reltekenerji.com.tr\\\/en\\\/#organization\"}}]}\n\t\t<\/script>\n\t\t<!-- All in One SEO Pro -->\r\n\t\t<title>Disclaimer | RELTEK Energy | Our Policies<\/title>\n\n","aioseo_head_json":{"title":"Disclaimer | RELTEK Energy | Our Policies","description":"Disclaimer | RELTEK Energy, Information and Content Accuracy, Products and Services, External Links, Technical Risks, Legal Notice, Right to Modify.","canonical_url":"https:\/\/reltekenerji.com.tr\/en\/reltek-enerji-elektrik-ltd-sti-disclaimer\/","robots":"max-image-preview:large","keywords":"","webmasterTools":{"miscellaneous":""},"schema":{"@context":"https:\/\/schema.org","@graph":[{"@type":"BreadcrumbList","@id":"https:\/\/reltekenerji.com.tr\/en\/reltek-enerji-elektrik-ltd-sti-disclaimer\/#breadcrumblist","itemListElement":[{"@type":"ListItem","@id":"https:\/\/reltekenerji.com.tr\/en\/reltek-enerji-elektrik-ltd-sti-disclaimer\/#listItem","position":1,"name":"Reltek Enerji Elektrik Ltd. \u015eti. Disclaimer"}]},{"@type":"Organization","@id":"https:\/\/reltekenerji.com.tr\/en\/#organization","name":"Reltek Enerji Elektrik Otomasyon Bilg. \u0130n\u015f. Taah. Proje San. Tic. Ltd. \u015eti.","description":"Artan enerji ihtiyac\u0131 ve \u00e7evre duyarl\u0131l\u0131\u011f\u0131 neticesinde s\u00fcrd\u00fcr\u00fclebilir enerji y\u00fckselen bir de\u011fer halini ald\u0131. D\u00fcnya genelinde bir\u00e7ok \u00fclke ve marka ekonomik ve yerel \u00e7\u00f6z\u00fcmler \u00fcretme yar\u0131\u015f\u0131na girdi. \u0130\u015fte uzun y\u0131llard\u0131r bu yar\u0131\u015fta yer alan Reltek Enerji; \u00f6zellikle m\u00fchendislik, otomasyon ve enerji teknolojilerinde yerli m\u00fchendislikle projeler geli\u015ftirme konusunda y\u0131llard\u0131r hizmet veriyor.","url":"https:\/\/reltekenerji.com.tr\/en\/","email":"info@reltekenerji.com.tr","telephone":"+903123950378","foundingDate":"2016-12-01","numberOfEmployees":{"@type":"QuantitativeValue","value":10},"logo":{"@type":"ImageObject","url":"https:\/\/reltekenerji.com.tr\/wp-content\/uploads\/2025\/07\/logo-reltek-700.png","@id":"https:\/\/reltekenerji.com.tr\/en\/reltek-enerji-elektrik-ltd-sti-disclaimer\/#organizationLogo","width":700,"height":146,"caption":"Reltek Enerji Logo"},"image":{"@id":"https:\/\/reltekenerji.com.tr\/en\/reltek-enerji-elektrik-ltd-sti-disclaimer\/#organizationLogo"},"sameAs":["https:\/\/www.instagram.com\/reltekenerji\/","https:\/\/www.linkedin.com\/company\/reltek-enerji\/"],"address":{"@id":"https:\/\/reltekenerji.com.tr\/en\/#postaladdress","@type":"PostalAddress","streetAddress":"Konutkent Mah. 2994 Cad. No:13, \u00c7ankaya \/ Ankara \u2013 T\u00dcRK\u0130YE","postalCode":"06810","addressLocality":"Ankara","addressRegion":"Ankara","addressCountry":"TR"},"vatID":"7340963816"},{"@type":"WebPage","@id":"https:\/\/reltekenerji.com.tr\/en\/reltek-enerji-elektrik-ltd-sti-disclaimer\/#webpage","url":"https:\/\/reltekenerji.com.tr\/en\/reltek-enerji-elektrik-ltd-sti-disclaimer\/","name":"Disclaimer | RELTEK Energy | Our Policies","description":"Disclaimer | RELTEK Energy, Information and Content Accuracy, Products and Services, External Links, Technical Risks, Legal Notice, Right to Modify.","inLanguage":"en-US","isPartOf":{"@id":"https:\/\/reltekenerji.com.tr\/en\/#website"},"breadcrumb":{"@id":"https:\/\/reltekenerji.com.tr\/en\/reltek-enerji-elektrik-ltd-sti-disclaimer\/#breadcrumblist"},"datePublished":"2025-08-29T19:05:16+03:00","dateModified":"2026-03-01T18:53:56+03:00"},{"@type":"WebSite","@id":"https:\/\/reltekenerji.com.tr\/en\/#website","url":"https:\/\/reltekenerji.com.tr\/en\/","name":"RELTEK Enerji | Yenilenebilir Enerji Proje ve \u00c7\u00f6z\u00fcmleri","description":"Gelece\u011fi \u015eekillendiren G\u00fc\u00e7!","inLanguage":"en-US","publisher":{"@id":"https:\/\/reltekenerji.com.tr\/en\/#organization"}}]},"og:locale":"en_US","og:site_name":"Reltek Enerji | G\u00fcne\u015f Enerjisi | SCADA | Enerji Depolama | Yat\u0131r\u0131m ve Proje Geli\u015ftirme | EPC | Gelece\u011fi \u015eekillendiren G\u00fc\u00e7!","og:type":"article","og:title":"Disclaimer | RELTEK Energy | Our Policies","og:description":"Disclaimer | RELTEK Energy, Information and Content Accuracy, Products and Services, External Links, Technical Risks, Legal Notice, Right to Modify.","og:url":"https:\/\/reltekenerji.com.tr\/en\/reltek-enerji-elektrik-ltd-sti-disclaimer\/","og:image":"https:\/\/reltekenerji.com.tr\/wp-content\/uploads\/2025\/07\/logo-reltek-700.png","og:image:secure_url":"https:\/\/reltekenerji.com.tr\/wp-content\/uploads\/2025\/07\/logo-reltek-700.png","og:image:width":700,"og:image:height":146,"article:published_time":"2025-08-29T16:05:16+00:00","article:modified_time":"2026-03-01T15:53:56+00:00","twitter:card":"summary_large_image","twitter:title":"Disclaimer | RELTEK Energy | Our Policies","twitter:description":"Disclaimer | RELTEK Energy, Information and Content Accuracy, Products and Services, External Links, Technical Risks, Legal Notice, Right to Modify.","twitter:image":"https:\/\/reltekenerji.com.tr\/wp-content\/uploads\/2025\/07\/logo-reltek-700.png"},"aioseo_meta_data":{"post_id":"5631","title":"Disclaimer | RELTEK Energy | Our Policies","description":"Disclaimer | RELTEK Energy, Information and Content Accuracy, Products and Services, External Links, Technical Risks, Legal Notice, Right to Modify.","keywords":null,"keyphrases":{"focus":{"keyphrase":"Disclaimer","score":90,"analysis":{"keyphraseInTitle":{"score":9,"maxScore":9,"error":0},"keyphraseInDescription":{"score":9,"maxScore":9,"error":0},"keyphraseLength":{"score":9,"maxScore":9,"error":0,"length":1},"keyphraseInURL":{"score":5,"maxScore":5,"error":0},"keyphraseInIntroduction":{"score":9,"maxScore":9,"error":0},"keyphraseInSubHeadings":{"score":3,"maxScore":9,"error":1},"keyphraseInImageAlt":[],"keywordDensity":{"type":"best","score":9,"maxScore":9,"error":0}}},"additional":[]},"primary_term":null,"canonical_url":null,"og_title":null,"og_description":null,"og_object_type":"default","og_image_type":"default","og_image_url":null,"og_image_width":null,"og_image_height":null,"og_image_custom_url":null,"og_image_custom_fields":null,"og_video":"","og_custom_url":null,"og_article_section":null,"og_article_tags":null,"twitter_use_og":false,"twitter_card":"default","twitter_image_type":"default","twitter_image_url":null,"twitter_image_custom_url":null,"twitter_image_custom_fields":null,"twitter_title":null,"twitter_description":null,"schema":{"blockGraphs":[],"customGraphs":[],"default":{"data":{"Article":[],"Course":[],"Dataset":[],"FAQPage":[],"Movie":[],"Person":[],"Product":[],"ProductReview":[],"Car":[],"Recipe":[],"Service":[],"SoftwareApplication":[],"WebPage":[]},"graphName":"WebPage","isEnabled":true},"graphs":[]},"schema_type":"default","schema_type_options":null,"pillar_content":false,"robots_default":true,"robots_noindex":false,"robots_noarchive":false,"robots_nosnippet":false,"robots_nofollow":false,"robots_noimageindex":false,"robots_noodp":false,"robots_notranslate":false,"robots_max_snippet":"-1","robots_max_videopreview":"-1","robots_max_imagepreview":"large","priority":null,"frequency":"default","local_seo":null,"seo_analyzer_scan_date":"2026-03-01 15:54:59","breadcrumb_settings":null,"limit_modified_date":false,"reviewed_by":null,"open_ai":null,"ai":{"faqs":[],"keyPoints":[],"titles":[],"descriptions":[],"socialPosts":{"email":[],"linkedin":[],"twitter":[],"facebook":[],"instagram":[]}},"created":"2025-10-29 15:32:41","updated":"2026-03-01 17:08:01"},"aioseo_breadcrumb":"<div class=\"aioseo-breadcrumbs\"><span class=\"aioseo-breadcrumb\">\n\tReltek Enerji Elektrik Ltd. \u015eti. Disclaimer\n<\/span><\/div>","aioseo_breadcrumb_json":[{"label":"Reltek Enerji Elektrik Ltd. \u015eti. Disclaimer","link":"https:\/\/reltekenerji.com.tr\/en\/reltek-enerji-elektrik-ltd-sti-disclaimer\/"}],"_links":{"self":[{"href":"https:\/\/reltekenerji.com.tr\/en\/wp-json\/wp\/v2\/pages\/5631","targetHints":{"allow":["GET"]}}],"collection":[{"href":"https:\/\/reltekenerji.com.tr\/en\/wp-json\/wp\/v2\/pages"}],"about":[{"href":"https:\/\/reltekenerji.com.tr\/en\/wp-json\/wp\/v2\/types\/page"}],"author":[{"embeddable":true,"href":"https:\/\/reltekenerji.com.tr\/en\/wp-json\/wp\/v2\/users\/1"}],"replies":[{"embeddable":true,"href":"https:\/\/reltekenerji.com.tr\/en\/wp-json\/wp\/v2\/comments?post=5631"}],"version-history":[{"count":0,"href":"https:\/\/reltekenerji.com.tr\/en\/wp-json\/wp\/v2\/pages\/5631\/revisions"}],"wp:attachment":[{"href":"https:\/\/reltekenerji.com.tr\/en\/wp-json\/wp\/v2\/media?parent=5631"}],"curies":[{"name":"wp","href":"https:\/\/api.w.org\/{rel}","templated":true}]}}