{"id":5633,"date":"2025-08-29T19:01:24","date_gmt":"2025-08-29T16:01:24","guid":{"rendered":"https:\/\/reltekenerji.com.tr\/reltek-enerji-elektrik-ltd-sti-purchase-terms-and-agreement\/"},"modified":"2025-10-29T18:34:37","modified_gmt":"2025-10-29T15:34:37","slug":"reltek-enerji-elektrik-ltd-sti-purchase-terms-and-agreement","status":"publish","type":"page","link":"https:\/\/reltekenerji.com.tr\/en\/reltek-enerji-elektrik-ltd-sti-purchase-terms-and-agreement\/","title":{"rendered":"Reltek Enerji Elektrik Ltd. \u015eti. Purchase Terms and Agreement"},"content":{"rendered":"\t\t<div data-elementor-type=\"wp-page\" data-elementor-id=\"5633\" class=\"elementor elementor-5633 elementor-3312\" data-elementor-post-type=\"page\">\n\t\t\t\t<div class=\"elementor-element elementor-element-e6f2910 e-con-full e-flex e-con e-parent\" data-id=\"e6f2910\" data-element_type=\"container\" data-e-type=\"container\" data-settings=\"{&quot;background_background&quot;:&quot;classic&quot;,&quot;background_motion_fx_motion_fx_scrolling&quot;:&quot;yes&quot;,&quot;background_motion_fx_devices&quot;:[&quot;desktop&quot;,&quot;tablet&quot;,&quot;mobile&quot;]}\">\n\t\t\t\t<div class=\"elementor-element elementor-element-d3fe157 elementor-widget elementor-widget-heading\" data-id=\"d3fe157\" data-element_type=\"widget\" data-e-type=\"widget\" data-widget_type=\"heading.default\">\n\t\t\t\t\t<h1 class=\"elementor-heading-title elementor-size-default\">Purchase Terms Agreement<\/h1>\t\t\t\t<\/div>\n\t\t\t\t<div class=\"elementor-element elementor-element-c8ffadf elementor-widget-divider--view-line elementor-widget elementor-widget-divider\" data-id=\"c8ffadf\" data-element_type=\"widget\" data-e-type=\"widget\" data-widget_type=\"divider.default\">\n\t\t\t\t\t\t\t<div class=\"elementor-divider\">\n\t\t\t<span class=\"elementor-divider-separator\">\n\t\t\t\t\t\t<\/span>\n\t\t<\/div>\n\t\t\t\t\t\t<\/div>\n\t\t\t\t<div class=\"elementor-element elementor-element-92a1db1 elementor-widget elementor-widget-heading\" data-id=\"92a1db1\" data-element_type=\"widget\" data-e-type=\"widget\" data-widget_type=\"heading.default\">\n\t\t\t\t\t<h4 class=\"elementor-heading-title elementor-size-default\">Policies<\/h4>\t\t\t\t<\/div>\n\t\t\t\t<\/div>\n\t\t<div class=\"elementor-element elementor-element-7a74919 e-flex e-con-boxed e-con e-parent\" data-id=\"7a74919\" data-element_type=\"container\" data-e-type=\"container\">\n\t\t\t\t\t<div class=\"e-con-inner\">\n\t\t\t\t<div class=\"elementor-element elementor-element-67e2f05 elementor-widget elementor-widget-text-editor\" data-id=\"67e2f05\" data-element_type=\"widget\" data-e-type=\"widget\" data-widget_type=\"text-editor.default\">\n\t\t\t\t\t\t\t\t\t<p>This Purchase Terms Agreement has been concluded between <a title=\"Reltek Energy\" href=\"https:\/\/reltekenerji.com.tr\/en\/\"><strong>Reltek Enerji<\/strong><\/a> Elektrik Ltd. \u015eti. (&#8220;Company&#8221;) and the supplier\/manufacturer (&#8220;Supplier&#8221;) providing products or services.  <\/p><p>The purpose is to determine the conditions of goods and\/or services procurement to be carried out between the parties, to define the rights and obligations of the parties, and to establish the commercial relationship on a transparent and reliable basis.<\/p>\t\t\t\t\t\t\t\t<\/div>\n\t\t\t\t<div class=\"elementor-element elementor-element-9a36d6e elementor-widget elementor-widget-text-editor\" data-id=\"9a36d6e\" data-element_type=\"widget\" data-e-type=\"widget\" data-widget_type=\"text-editor.default\">\n\t\t\t\t\t\t\t\t\t<h3>1. Subject of the Agreement<\/h3><p>This agreement covers the conditions related to the procurement of all kinds of electricity, energy, automation, construction, engineering, materials, and services that the Company needs from the Supplier.<\/p><h3>2. Order and Approval Process<\/h3><p>&#8211; All purchasing transactions will be created through written order forms or electronic systems.<br>&#8211; The Supplier is obliged to confirm the order in writing. Unconfirmed orders are invalid. <br>&#8211; Order confirmation means that the products will be provided in accordance with the specified delivery date, price, quantity, and technical specifications.<\/p><h3>3. Pricing and Payment<\/h3><p>&#8211; Prices are the amounts agreed upon at the time of order and cannot be unilaterally changed afterwards.<br>&#8211; Whether prices include VAT, customs duties, shipping, and other expenses is clearly stated during the order.<br>&#8211; Payments are made via bank transfer\/EFT [30\/60\/90 days term] after invoice submission.<br>&#8211; Early payment or discount terms become valid upon mutual agreement of the parties.<\/p><h3>4. Delivery and Transfer of Risk<\/h3><p>&#8211; Deliveries must be made on time to the date and address specified in the order.<br>&#8211; In case of delay, the Supplier is obliged to compensate for damages arising from the delay.<br>&#8211; Delivered products are subject to inspection and quality control by the Company&#8217;s authorized personnel.<br>&#8211; Risk and ownership transfer upon receipt of the products by the Company.<\/p><h3>5. Quality and Warranty<\/h3><p>&#8211; The Supplier guarantees that the goods and services provided comply with technical specifications, standards, and relevant legislation.<br>&#8211; The warranty period is at least 24 months from the date of delivery, and any malfunctions that may occur during this period will be remedied free of charge by the Supplier.<br>&#8211; Non-conforming products will be rejected and returned at the Supplier&#8217;s expense.<\/p><h3>6. Confidentiality and Data Protection<\/h3><p>&#8211; The parties agree to keep confidential all commercial, technical, and personal data obtained within the scope of this agreement.<br>&#8211; Data is protected within the framework of KVKK (Personal Data Protection Law) and relevant legislation.<br>&#8211; The Supplier cannot share information with third parties without the Company&#8217;s written approval.<\/p><h3>7. Liability and Compensation<\/h3><p>&#8211; The Supplier is responsible for any damages that may arise from defective or faulty goods and services.<br>&#8211; In case of delay in delivery or non-compliance with conditions, the Company has the right to claim compensation for direct or indirect damages.<br>&#8211; Except for force majeure events, breach of contractual obligations results in liability for compensation.<\/p><h3>8. Force Majeure<\/h3><p>&#8211; Natural disasters, war, terrorism, fire, strikes, actions of official authorities, or other extraordinary circumstances beyond the control of the parties are considered force majeure.<br>&#8211; If the force majeure period exceeds 30 days, the parties have the right to terminate the agreement.<\/p><h3>9. Termination<\/h3><p>&#8211; If one party fails to fulfill its obligations, the other party may request fulfillment of the obligations within 15 days with a written notice.<br>&#8211; If the breach is not remedied within this period, the agreement may be terminated for just cause.<\/p><h3>10. Applicable Law and Jurisdiction<\/h3><p>&#8211; This agreement is subject to the Laws of the Republic of Turkey.<br>&#8211; Ankara Courts and Enforcement Offices have jurisdiction in resolving any disputes that may arise between the parties.<\/p><h3>11. Effectiveness<\/h3><p>This agreement enters into force on the date it is signed by the parties. The parties accept, declare, and undertake to comply with all provisions stated in this agreement. <\/p>\t\t\t\t\t\t\t\t<\/div>\n\t\t\t\t\t<\/div>\n\t\t\t\t<\/div>\n\t\t\t\t<\/div>\n\t\t","protected":false},"excerpt":{"rendered":"<p>Purchase Terms Agreement Policies This Purchase Terms Agreement has been concluded between Reltek Enerji Elektrik Ltd. \u015eti. (&#8220;Company&#8221;) and the supplier\/manufacturer (&#8220;Supplier&#8221;) providing products or&#8230;<\/p>\n","protected":false},"author":1,"featured_media":0,"parent":0,"menu_order":0,"comment_status":"closed","ping_status":"closed","template":"elementor_header_footer","meta":{"footnotes":""},"class_list":["post-5633","page","type-page","status-publish","hentry"],"aioseo_notices":[],"aioseo_head":"\n\t\t<!-- All in One SEO Pro 4.9.6.2 - aioseo.com -->\n\t<meta name=\"description\" content=\"Purchase Terms Agreement | RELTEK Energy, Order and Approval Process, Delivery and Transfer of Risk, Confidentiality and Data Protection, Termination, Effectiveness.\" \/>\n\t<meta name=\"robots\" content=\"max-image-preview:large\" \/>\n\t<link rel=\"canonical\" href=\"https:\/\/reltekenerji.com.tr\/en\/reltek-enerji-elektrik-ltd-sti-purchase-terms-and-agreement\/\" \/>\n\t<meta name=\"generator\" content=\"All in One SEO Pro (AIOSEO) 4.9.6.2\" \/>\n\t\t<meta property=\"og:locale\" content=\"en_US\" \/>\n\t\t<meta property=\"og:site_name\" content=\"Reltek Enerji | G\u00fcne\u015f Enerjisi | SCADA | Enerji Depolama | Yat\u0131r\u0131m ve Proje Geli\u015ftirme | EPC | Gelece\u011fi \u015eekillendiren G\u00fc\u00e7!\" \/>\n\t\t<meta property=\"og:type\" content=\"article\" \/>\n\t\t<meta property=\"og:title\" content=\"Purchase Terms Agreement | RELTEK Energy\" \/>\n\t\t<meta property=\"og:description\" content=\"Purchase Terms Agreement | RELTEK Energy, Order and Approval Process, Delivery and Transfer of Risk, Confidentiality and Data Protection, Termination, Effectiveness.\" \/>\n\t\t<meta property=\"og:url\" content=\"https:\/\/reltekenerji.com.tr\/en\/reltek-enerji-elektrik-ltd-sti-purchase-terms-and-agreement\/\" \/>\n\t\t<meta property=\"og:image\" content=\"https:\/\/reltekenerji.com.tr\/wp-content\/uploads\/2025\/07\/logo-reltek-700.png\" \/>\n\t\t<meta property=\"og:image:secure_url\" content=\"https:\/\/reltekenerji.com.tr\/wp-content\/uploads\/2025\/07\/logo-reltek-700.png\" \/>\n\t\t<meta property=\"og:image:width\" content=\"700\" \/>\n\t\t<meta property=\"og:image:height\" content=\"146\" \/>\n\t\t<meta property=\"article:published_time\" content=\"2025-08-29T16:01:24+00:00\" \/>\n\t\t<meta property=\"article:modified_time\" content=\"2025-10-29T15:34:37+00:00\" \/>\n\t\t<meta name=\"twitter:card\" content=\"summary_large_image\" \/>\n\t\t<meta name=\"twitter:title\" content=\"Purchase Terms Agreement | RELTEK Energy\" \/>\n\t\t<meta name=\"twitter:description\" content=\"Purchase Terms Agreement | RELTEK Energy, Order and Approval Process, Delivery and Transfer of Risk, Confidentiality and Data Protection, Termination, Effectiveness.\" \/>\n\t\t<meta name=\"twitter:image\" content=\"https:\/\/reltekenerji.com.tr\/wp-content\/uploads\/2025\/07\/logo-reltek-700.png\" \/>\n\t\t<script type=\"application\/ld+json\" class=\"aioseo-schema\">\n\t\t\t{\"@context\":\"https:\\\/\\\/schema.org\",\"@graph\":[{\"@type\":\"BreadcrumbList\",\"@id\":\"https:\\\/\\\/reltekenerji.com.tr\\\/en\\\/reltek-enerji-elektrik-ltd-sti-purchase-terms-and-agreement\\\/#breadcrumblist\",\"itemListElement\":[{\"@type\":\"ListItem\",\"@id\":\"https:\\\/\\\/reltekenerji.com.tr\\\/en\\\/reltek-enerji-elektrik-ltd-sti-purchase-terms-and-agreement\\\/#listItem\",\"position\":1,\"name\":\"Reltek Enerji Elektrik Ltd. \\u015eti. Purchase Terms and Agreement\"}]},{\"@type\":\"Organization\",\"@id\":\"https:\\\/\\\/reltekenerji.com.tr\\\/en\\\/#organization\",\"name\":\"Reltek Enerji Elektrik Otomasyon Bilg. \\u0130n\\u015f. Taah. Proje San. Tic. Ltd. \\u015eti.\",\"description\":\"Artan enerji ihtiyac\\u0131 ve \\u00e7evre duyarl\\u0131l\\u0131\\u011f\\u0131 neticesinde s\\u00fcrd\\u00fcr\\u00fclebilir enerji y\\u00fckselen bir de\\u011fer halini ald\\u0131. D\\u00fcnya genelinde bir\\u00e7ok \\u00fclke ve marka ekonomik ve yerel \\u00e7\\u00f6z\\u00fcmler \\u00fcretme yar\\u0131\\u015f\\u0131na girdi. \\u0130\\u015fte uzun y\\u0131llard\\u0131r bu yar\\u0131\\u015fta yer alan Reltek Enerji; \\u00f6zellikle m\\u00fchendislik, otomasyon ve enerji teknolojilerinde yerli m\\u00fchendislikle projeler geli\\u015ftirme konusunda y\\u0131llard\\u0131r hizmet veriyor.\",\"url\":\"https:\\\/\\\/reltekenerji.com.tr\\\/en\\\/\",\"email\":\"info@reltekenerji.com.tr\",\"telephone\":\"+903123950378\",\"foundingDate\":\"2016-12-01\",\"numberOfEmployees\":{\"@type\":\"QuantitativeValue\",\"value\":10},\"logo\":{\"@type\":\"ImageObject\",\"url\":\"https:\\\/\\\/reltekenerji.com.tr\\\/wp-content\\\/uploads\\\/2025\\\/07\\\/logo-reltek-700.png\",\"@id\":\"https:\\\/\\\/reltekenerji.com.tr\\\/en\\\/reltek-enerji-elektrik-ltd-sti-purchase-terms-and-agreement\\\/#organizationLogo\",\"width\":700,\"height\":146,\"caption\":\"Reltek Enerji Logo\"},\"image\":{\"@id\":\"https:\\\/\\\/reltekenerji.com.tr\\\/en\\\/reltek-enerji-elektrik-ltd-sti-purchase-terms-and-agreement\\\/#organizationLogo\"},\"sameAs\":[\"https:\\\/\\\/www.instagram.com\\\/reltekenerji\\\/\",\"https:\\\/\\\/www.linkedin.com\\\/company\\\/reltek-enerji\\\/\"],\"address\":{\"@id\":\"https:\\\/\\\/reltekenerji.com.tr\\\/en\\\/#postaladdress\",\"@type\":\"PostalAddress\",\"streetAddress\":\"Konutkent Mah. 2994 Cad. No:13, \\u00c7ankaya \\\/ Ankara \\u2013 T\\u00dcRK\\u0130YE\",\"postalCode\":\"06810\",\"addressLocality\":\"Ankara\",\"addressRegion\":\"Ankara\",\"addressCountry\":\"TR\"},\"vatID\":\"7340963816\"},{\"@type\":\"WebPage\",\"@id\":\"https:\\\/\\\/reltekenerji.com.tr\\\/en\\\/reltek-enerji-elektrik-ltd-sti-purchase-terms-and-agreement\\\/#webpage\",\"url\":\"https:\\\/\\\/reltekenerji.com.tr\\\/en\\\/reltek-enerji-elektrik-ltd-sti-purchase-terms-and-agreement\\\/\",\"name\":\"Purchase Terms Agreement | RELTEK Energy\",\"description\":\"Purchase Terms Agreement | RELTEK Energy, Order and Approval Process, Delivery and Transfer of Risk, Confidentiality and Data Protection, Termination, Effectiveness.\",\"inLanguage\":\"en-US\",\"isPartOf\":{\"@id\":\"https:\\\/\\\/reltekenerji.com.tr\\\/en\\\/#website\"},\"breadcrumb\":{\"@id\":\"https:\\\/\\\/reltekenerji.com.tr\\\/en\\\/reltek-enerji-elektrik-ltd-sti-purchase-terms-and-agreement\\\/#breadcrumblist\"},\"datePublished\":\"2025-08-29T19:01:24+03:00\",\"dateModified\":\"2025-10-29T18:34:37+03:00\"},{\"@type\":\"WebSite\",\"@id\":\"https:\\\/\\\/reltekenerji.com.tr\\\/en\\\/#website\",\"url\":\"https:\\\/\\\/reltekenerji.com.tr\\\/en\\\/\",\"name\":\"RELTEK Enerji | Yenilenebilir Enerji Proje ve \\u00c7\\u00f6z\\u00fcmleri\",\"description\":\"Gelece\\u011fi \\u015eekillendiren G\\u00fc\\u00e7!\",\"inLanguage\":\"en-US\",\"publisher\":{\"@id\":\"https:\\\/\\\/reltekenerji.com.tr\\\/en\\\/#organization\"}}]}\n\t\t<\/script>\n\t\t<!-- All in One SEO Pro -->\r\n\t\t<title>Purchase Terms Agreement | RELTEK Energy<\/title>\n\n","aioseo_head_json":{"title":"Purchase Terms Agreement | RELTEK Energy","description":"Purchase Terms Agreement | RELTEK Energy, Order and Approval Process, Delivery and Transfer of Risk, Confidentiality and Data Protection, Termination, Effectiveness.","canonical_url":"https:\/\/reltekenerji.com.tr\/en\/reltek-enerji-elektrik-ltd-sti-purchase-terms-and-agreement\/","robots":"max-image-preview:large","keywords":"","webmasterTools":{"miscellaneous":""},"schema":{"@context":"https:\/\/schema.org","@graph":[{"@type":"BreadcrumbList","@id":"https:\/\/reltekenerji.com.tr\/en\/reltek-enerji-elektrik-ltd-sti-purchase-terms-and-agreement\/#breadcrumblist","itemListElement":[{"@type":"ListItem","@id":"https:\/\/reltekenerji.com.tr\/en\/reltek-enerji-elektrik-ltd-sti-purchase-terms-and-agreement\/#listItem","position":1,"name":"Reltek Enerji Elektrik Ltd. \u015eti. Purchase Terms and Agreement"}]},{"@type":"Organization","@id":"https:\/\/reltekenerji.com.tr\/en\/#organization","name":"Reltek Enerji Elektrik Otomasyon Bilg. \u0130n\u015f. Taah. Proje San. Tic. Ltd. \u015eti.","description":"Artan enerji ihtiyac\u0131 ve \u00e7evre duyarl\u0131l\u0131\u011f\u0131 neticesinde s\u00fcrd\u00fcr\u00fclebilir enerji y\u00fckselen bir de\u011fer halini ald\u0131. D\u00fcnya genelinde bir\u00e7ok \u00fclke ve marka ekonomik ve yerel \u00e7\u00f6z\u00fcmler \u00fcretme yar\u0131\u015f\u0131na girdi. \u0130\u015fte uzun y\u0131llard\u0131r bu yar\u0131\u015fta yer alan Reltek Enerji; \u00f6zellikle m\u00fchendislik, otomasyon ve enerji teknolojilerinde yerli m\u00fchendislikle projeler geli\u015ftirme konusunda y\u0131llard\u0131r hizmet veriyor.","url":"https:\/\/reltekenerji.com.tr\/en\/","email":"info@reltekenerji.com.tr","telephone":"+903123950378","foundingDate":"2016-12-01","numberOfEmployees":{"@type":"QuantitativeValue","value":10},"logo":{"@type":"ImageObject","url":"https:\/\/reltekenerji.com.tr\/wp-content\/uploads\/2025\/07\/logo-reltek-700.png","@id":"https:\/\/reltekenerji.com.tr\/en\/reltek-enerji-elektrik-ltd-sti-purchase-terms-and-agreement\/#organizationLogo","width":700,"height":146,"caption":"Reltek Enerji Logo"},"image":{"@id":"https:\/\/reltekenerji.com.tr\/en\/reltek-enerji-elektrik-ltd-sti-purchase-terms-and-agreement\/#organizationLogo"},"sameAs":["https:\/\/www.instagram.com\/reltekenerji\/","https:\/\/www.linkedin.com\/company\/reltek-enerji\/"],"address":{"@id":"https:\/\/reltekenerji.com.tr\/en\/#postaladdress","@type":"PostalAddress","streetAddress":"Konutkent Mah. 2994 Cad. No:13, \u00c7ankaya \/ Ankara \u2013 T\u00dcRK\u0130YE","postalCode":"06810","addressLocality":"Ankara","addressRegion":"Ankara","addressCountry":"TR"},"vatID":"7340963816"},{"@type":"WebPage","@id":"https:\/\/reltekenerji.com.tr\/en\/reltek-enerji-elektrik-ltd-sti-purchase-terms-and-agreement\/#webpage","url":"https:\/\/reltekenerji.com.tr\/en\/reltek-enerji-elektrik-ltd-sti-purchase-terms-and-agreement\/","name":"Purchase Terms Agreement | RELTEK Energy","description":"Purchase Terms Agreement | RELTEK Energy, Order and Approval Process, Delivery and Transfer of Risk, Confidentiality and Data Protection, Termination, Effectiveness.","inLanguage":"en-US","isPartOf":{"@id":"https:\/\/reltekenerji.com.tr\/en\/#website"},"breadcrumb":{"@id":"https:\/\/reltekenerji.com.tr\/en\/reltek-enerji-elektrik-ltd-sti-purchase-terms-and-agreement\/#breadcrumblist"},"datePublished":"2025-08-29T19:01:24+03:00","dateModified":"2025-10-29T18:34:37+03:00"},{"@type":"WebSite","@id":"https:\/\/reltekenerji.com.tr\/en\/#website","url":"https:\/\/reltekenerji.com.tr\/en\/","name":"RELTEK Enerji | Yenilenebilir Enerji Proje ve \u00c7\u00f6z\u00fcmleri","description":"Gelece\u011fi \u015eekillendiren G\u00fc\u00e7!","inLanguage":"en-US","publisher":{"@id":"https:\/\/reltekenerji.com.tr\/en\/#organization"}}]},"og:locale":"en_US","og:site_name":"Reltek Enerji | G\u00fcne\u015f Enerjisi | SCADA | Enerji Depolama | Yat\u0131r\u0131m ve Proje Geli\u015ftirme | EPC | Gelece\u011fi \u015eekillendiren G\u00fc\u00e7!","og:type":"article","og:title":"Purchase Terms Agreement | RELTEK Energy","og:description":"Purchase Terms Agreement | RELTEK Energy, Order and Approval Process, Delivery and Transfer of Risk, Confidentiality and Data Protection, Termination, Effectiveness.","og:url":"https:\/\/reltekenerji.com.tr\/en\/reltek-enerji-elektrik-ltd-sti-purchase-terms-and-agreement\/","og:image":"https:\/\/reltekenerji.com.tr\/wp-content\/uploads\/2025\/07\/logo-reltek-700.png","og:image:secure_url":"https:\/\/reltekenerji.com.tr\/wp-content\/uploads\/2025\/07\/logo-reltek-700.png","og:image:width":700,"og:image:height":146,"article:published_time":"2025-08-29T16:01:24+00:00","article:modified_time":"2025-10-29T15:34:37+00:00","twitter:card":"summary_large_image","twitter:title":"Purchase Terms Agreement | RELTEK Energy","twitter:description":"Purchase Terms Agreement | RELTEK Energy, Order and Approval Process, Delivery and Transfer of Risk, Confidentiality and Data Protection, Termination, Effectiveness.","twitter:image":"https:\/\/reltekenerji.com.tr\/wp-content\/uploads\/2025\/07\/logo-reltek-700.png"},"aioseo_meta_data":{"post_id":"5633","title":"Purchase Terms Agreement | RELTEK Energy","description":"Purchase Terms Agreement | RELTEK Energy, Order and Approval Process, Delivery and Transfer of Risk, Confidentiality and Data Protection, Termination, Effectiveness.","keywords":null,"keyphrases":{"focus":{"keyphrase":"Sat\u0131n Alma \u015eartlar\u0131 S\u00f6zle\u015fmesi","score":63,"analysis":{"keyphraseInTitle":{"score":9,"maxScore":9,"error":0},"keyphraseInDescription":{"score":9,"maxScore":9,"error":0},"keyphraseLength":{"score":6,"maxScore":9,"error":1,"length":7},"keyphraseInURL":{"score":1,"maxScore":5,"error":1},"keyphraseInIntroduction":{"score":9,"maxScore":9,"error":0},"keyphraseInSubHeadings":{"score":3,"maxScore":9,"error":1},"keyphraseInImageAlt":[],"keywordDensity":{"score":0,"type":"low","maxScore":9,"error":1}}},"additional":[]},"primary_term":null,"canonical_url":null,"og_title":null,"og_description":null,"og_object_type":"default","og_image_type":"default","og_image_url":null,"og_image_width":null,"og_image_height":null,"og_image_custom_url":null,"og_image_custom_fields":null,"og_video":"","og_custom_url":null,"og_article_section":null,"og_article_tags":null,"twitter_use_og":false,"twitter_card":"default","twitter_image_type":"default","twitter_image_url":null,"twitter_image_custom_url":null,"twitter_image_custom_fields":null,"twitter_title":null,"twitter_description":null,"schema":{"blockGraphs":[],"customGraphs":[],"default":{"data":{"Article":[],"Course":[],"Dataset":[],"FAQPage":[],"Movie":[],"Person":[],"Product":[],"ProductReview":[],"Car":[],"Recipe":[],"Service":[],"SoftwareApplication":[],"WebPage":[]},"graphName":"WebPage","isEnabled":true},"graphs":[]},"schema_type":"default","schema_type_options":null,"pillar_content":false,"robots_default":true,"robots_noindex":false,"robots_noarchive":false,"robots_nosnippet":false,"robots_nofollow":false,"robots_noimageindex":false,"robots_noodp":false,"robots_notranslate":false,"robots_max_snippet":"-1","robots_max_videopreview":"-1","robots_max_imagepreview":"large","priority":null,"frequency":"default","local_seo":null,"seo_analyzer_scan_date":"2025-10-21 16:04:20","breadcrumb_settings":null,"limit_modified_date":false,"reviewed_by":null,"open_ai":null,"ai":{"faqs":[],"keyPoints":[],"titles":[],"descriptions":[],"socialPosts":{"email":[],"linkedin":[],"twitter":[],"facebook":[],"instagram":[]}},"created":"2025-10-29 15:34:36","updated":"2026-01-18 19:22:51"},"aioseo_breadcrumb":"<div class=\"aioseo-breadcrumbs\"><span class=\"aioseo-breadcrumb\">\n\tReltek Enerji Elektrik Ltd. \u015eti. Purchase Terms and Agreement\n<\/span><\/div>","aioseo_breadcrumb_json":[{"label":"Reltek Enerji Elektrik Ltd. \u015eti. Purchase Terms and Agreement","link":"https:\/\/reltekenerji.com.tr\/en\/reltek-enerji-elektrik-ltd-sti-purchase-terms-and-agreement\/"}],"_links":{"self":[{"href":"https:\/\/reltekenerji.com.tr\/en\/wp-json\/wp\/v2\/pages\/5633","targetHints":{"allow":["GET"]}}],"collection":[{"href":"https:\/\/reltekenerji.com.tr\/en\/wp-json\/wp\/v2\/pages"}],"about":[{"href":"https:\/\/reltekenerji.com.tr\/en\/wp-json\/wp\/v2\/types\/page"}],"author":[{"embeddable":true,"href":"https:\/\/reltekenerji.com.tr\/en\/wp-json\/wp\/v2\/users\/1"}],"replies":[{"embeddable":true,"href":"https:\/\/reltekenerji.com.tr\/en\/wp-json\/wp\/v2\/comments?post=5633"}],"version-history":[{"count":0,"href":"https:\/\/reltekenerji.com.tr\/en\/wp-json\/wp\/v2\/pages\/5633\/revisions"}],"wp:attachment":[{"href":"https:\/\/reltekenerji.com.tr\/en\/wp-json\/wp\/v2\/media?parent=5633"}],"curies":[{"name":"wp","href":"https:\/\/api.w.org\/{rel}","templated":true}]}}