{"id":5635,"date":"2025-08-29T18:51:33","date_gmt":"2025-08-29T15:51:33","guid":{"rendered":"https:\/\/reltekenerji.com.tr\/privacy-notice-of-reltek-energy-electric-ltd-co\/"},"modified":"2025-10-29T18:36:12","modified_gmt":"2025-10-29T15:36:12","slug":"privacy-notice-of-reltek-energy-electric-ltd-co","status":"publish","type":"page","link":"https:\/\/reltekenerji.com.tr\/en\/privacy-notice-of-reltek-energy-electric-ltd-co\/","title":{"rendered":"Privacy Notice of Reltek Energy Electric Ltd. Co."},"content":{"rendered":"\t\t<div data-elementor-type=\"wp-page\" data-elementor-id=\"5635\" class=\"elementor elementor-5635 elementor-3303\" data-elementor-post-type=\"page\">\n\t\t\t\t<div class=\"elementor-element elementor-element-081c340 e-con-full e-flex e-con e-parent\" data-id=\"081c340\" data-element_type=\"container\" data-e-type=\"container\" data-settings=\"{&quot;background_background&quot;:&quot;classic&quot;,&quot;background_motion_fx_motion_fx_scrolling&quot;:&quot;yes&quot;,&quot;background_motion_fx_devices&quot;:[&quot;desktop&quot;,&quot;tablet&quot;,&quot;mobile&quot;]}\">\n\t\t\t\t<div class=\"elementor-element elementor-element-02d10bf elementor-widget elementor-widget-heading\" data-id=\"02d10bf\" data-element_type=\"widget\" data-e-type=\"widget\" data-widget_type=\"heading.default\">\n\t\t\t\t\t<h1 class=\"elementor-heading-title elementor-size-default\">Privacy Notice<\/h1>\t\t\t\t<\/div>\n\t\t\t\t<div class=\"elementor-element elementor-element-8c79010 elementor-widget-divider--view-line elementor-widget elementor-widget-divider\" data-id=\"8c79010\" data-element_type=\"widget\" data-e-type=\"widget\" data-widget_type=\"divider.default\">\n\t\t\t\t\t\t\t<div class=\"elementor-divider\">\n\t\t\t<span class=\"elementor-divider-separator\">\n\t\t\t\t\t\t<\/span>\n\t\t<\/div>\n\t\t\t\t\t\t<\/div>\n\t\t\t\t<div class=\"elementor-element elementor-element-44a4299 elementor-widget elementor-widget-heading\" data-id=\"44a4299\" data-element_type=\"widget\" data-e-type=\"widget\" data-widget_type=\"heading.default\">\n\t\t\t\t\t<h4 class=\"elementor-heading-title elementor-size-default\"><a href=\"https:\/\/www.linkedin.com\/company\/reltek-enerji\/\" target=\"_blank\" rel=\"nofollow\" title=\"Reltek Enerji Linkedin\">Policies<\/a><\/h4>\t\t\t\t<\/div>\n\t\t\t\t<\/div>\n\t\t<div class=\"elementor-element elementor-element-aa72a03 e-flex e-con-boxed e-con e-parent\" data-id=\"aa72a03\" data-element_type=\"container\" data-e-type=\"container\">\n\t\t\t\t\t<div class=\"e-con-inner\">\n\t\t\t\t<div class=\"elementor-element elementor-element-d6c4675 elementor-widget elementor-widget-text-editor\" data-id=\"d6c4675\" data-element_type=\"widget\" data-e-type=\"widget\" data-widget_type=\"text-editor.default\">\n\t\t\t\t\t\t\t\t\t<p>The protection and security of your personal data is of the highest priority for Reltek Energy Electric Ltd. Co. (&#8220;Company&#8221;). This privacy notice has been prepared to transparently inform you about the processing of your personal data within the scope of Law No. 6698 on Protection of Personal Data (&#8220;KVKK&#8221;) and related legislation. Personal data you share with our Company is processed only for legitimate purposes and is never used outside the intended purpose.    <\/p>\t\t\t\t\t\t\t\t<\/div>\n\t\t\t\t<div class=\"elementor-element elementor-element-beeafe0 elementor-widget elementor-widget-heading\" data-id=\"beeafe0\" data-element_type=\"widget\" data-e-type=\"widget\" data-widget_type=\"heading.default\">\n\t\t\t\t\t<h2 class=\"elementor-heading-title elementor-size-default\">Who Can Access Your Data?<\/h2>\t\t\t\t<\/div>\n\t\t\t\t<div class=\"elementor-element elementor-element-d0e4266 elementor-widget elementor-widget-text-editor\" data-id=\"d0e4266\" data-element_type=\"widget\" data-e-type=\"widget\" data-widget_type=\"text-editor.default\">\n\t\t\t\t\t\t\t\t\t<p>Access to your personal data is restricted in accordance with strict authorization management and confidentiality principles:<br>&#8211; Authorized Company Personnel: A limited number of our employees who need access due to their job descriptions can access as required.<br>&#8211; Service Providers: Our business partners providing information technology infrastructure, accounting, human resources, logistics, field operations, security, legal, consulting, and auditing services can only access within the framework of contractual obligations.<br>&#8211; Suppliers and Business Partners: Data sharing may be conducted limited to relevant processes in project procedures, field installations, logistics, and energy investment activities.<br>&#8211; Official Institutions and Organizations: Data sharing may be conducted with regulatory institutions, courts, law enforcement, and authorized public authorities in line with legal obligations.<br>&#8211; Financial and Leasing Institutions: Limited data sharing may be conducted with relevant institutions only within the scope of necessary documentation for energy investment financing and leasing processes.<\/p><p><strong>Important Note: Under no circumstances will your personal data be transferred or sold to third parties for commercial gain.<\/strong><\/p>\t\t\t\t\t\t\t\t<\/div>\n\t\t\t\t<div class=\"elementor-element elementor-element-d88a3a4 elementor-widget elementor-widget-heading\" data-id=\"d88a3a4\" data-element_type=\"widget\" data-e-type=\"widget\" data-widget_type=\"heading.default\">\n\t\t\t\t\t<h3 class=\"elementor-heading-title elementor-size-default\">How Long Do We Store Your Data?<\/h3>\t\t\t\t<\/div>\n\t\t\t\t<div class=\"elementor-element elementor-element-75f018c elementor-widget elementor-widget-text-editor\" data-id=\"75f018c\" data-element_type=\"widget\" data-e-type=\"widget\" data-widget_type=\"text-editor.default\">\n\t\t\t\t\t\t\t\t\t<p>Our company stores your personal data for the periods stipulated in relevant legislation and in line with processing purposes:<br>&#8211; Data based on contracts and commercial relationships (invoices, contracts, project documents, etc.) are stored for the period specified in the Turkish Commercial Code and Tax Procedure Law (10 years).<br>&#8211; Data obtained in human resources processes (resumes, job application forms, performance records, etc.) are retained for at least 5 years after the termination of the employment relationship.<br>&#8211; Customer and supplier contact information is stored for the duration of the contractual relationship and statutory limitation periods.<br><br><strong>Data that has expired, fulfilled its processing purpose, or no longer needs to be stored is securely eliminated through deletion, destruction, or anonymization methods within the scope of our periodic disposal policy.<\/strong><\/p>\t\t\t\t\t\t\t\t<\/div>\n\t\t\t\t<div class=\"elementor-element elementor-element-a470d24 elementor-widget elementor-widget-heading\" data-id=\"a470d24\" data-element_type=\"widget\" data-e-type=\"widget\" data-widget_type=\"heading.default\">\n\t\t\t\t\t<h3 class=\"elementor-heading-title elementor-size-default\">How Do We Ensure Your Data Security?<\/h3>\t\t\t\t<\/div>\n\t\t\t\t<div class=\"elementor-element elementor-element-5467865 elementor-widget elementor-widget-text-editor\" data-id=\"5467865\" data-element_type=\"widget\" data-e-type=\"widget\" data-widget_type=\"text-editor.default\">\n\t\t\t\t\t\t\t\t\t<p>Reltek Energy implements both technical and administrative measures to protect your personal data.<br><br><strong>Technical Measures:<\/strong><br>&#8211; Data is protected by firewalls, antivirus software, and encryption methods.<br>&#8211; Access control mechanisms are implemented and logs are maintained to prevent unauthorized access.<br>&#8211; Critical data is stored in secure data centers and, when possible, within the country.<br>&#8211; All operations on data are recorded, and audit mechanisms are used to detect potential breaches.<br><br><strong>Administrative Measures:<\/strong><br>&#8211; Our employees regularly receive KVKK and information security training.<br>&#8211; Data access is restricted based on the principle of minimum authorization.<br>&#8211; Confidentiality and data protection provisions are included in contracts with suppliers and business partners.<br>&#8211; Implementation of data security policies is continuously monitored through internal audit processes.<\/p>\t\t\t\t\t\t\t\t<\/div>\n\t\t\t\t<div class=\"elementor-element elementor-element-7ced7a2 elementor-widget elementor-widget-heading\" data-id=\"7ced7a2\" data-element_type=\"widget\" data-e-type=\"widget\" data-widget_type=\"heading.default\">\n\t\t\t\t\t<h3 class=\"elementor-heading-title elementor-size-default\">Your Rights<\/h3>\t\t\t\t<\/div>\n\t\t\t\t<div class=\"elementor-element elementor-element-df04616 elementor-widget elementor-widget-text-editor\" data-id=\"df04616\" data-element_type=\"widget\" data-e-type=\"widget\" data-widget_type=\"text-editor.default\">\n\t\t\t\t\t\t\t\t\t<p>Pursuant to Article 11 of KVKK, you have the following rights by applying to our Company:<br>&#8211; Learn whether your personal data is being processed,<br>&#8211; Request information if it has been processed,<br>&#8211; Learn the purpose of processing and whether it is used in accordance with the purpose,<br>&#8211; Know the third parties to whom it is transferred domestically or abroad,<br>&#8211; Request correction of incomplete or incorrect data,<br>&#8211; Request deletion or destruction of data whose retention period has expired or processing purpose has ended,<br>&#8211; Object to the occurrence of an adverse result through analysis by exclusively automatic systems,<br>&#8211; Request compensation for damages if you suffer harm due to unlawful processing of your personal data. <\/p>\t\t\t\t\t\t\t\t<\/div>\n\t\t\t\t<div class=\"elementor-element elementor-element-c49bd8e elementor-widget elementor-widget-heading\" data-id=\"c49bd8e\" data-element_type=\"widget\" data-e-type=\"widget\" data-widget_type=\"heading.default\">\n\t\t\t\t\t<h3 class=\"elementor-heading-title elementor-size-default\">Contact<\/h3>\t\t\t\t<\/div>\n\t\t\t\t<div class=\"elementor-element elementor-element-584ed1b elementor-widget elementor-widget-text-editor\" data-id=\"584ed1b\" data-element_type=\"widget\" data-e-type=\"widget\" data-widget_type=\"text-editor.default\">\n\t\t\t\t\t\t\t\t\t<p>You can contact us for exercising these rights or for any questions regarding your personal data:<br><br>Reltek Energy Electric Ltd. Co.<br>Phone: 0312 395 03 78<br>Email: info@reltekenerji.com<br>Address: Konutkent Mah. 2994 Cad. No:13 \u00c7ankaya \/ Ankara \u2013 TURKEY   <\/p>\t\t\t\t\t\t\t\t<\/div>\n\t\t\t\t\t<\/div>\n\t\t\t\t<\/div>\n\t\t\t\t<\/div>\n\t\t","protected":false},"excerpt":{"rendered":"<p>Privacy Notice Policies The protection and security of your personal data is of the highest priority for Reltek Energy Electric Ltd. Co. (&#8220;Company&#8221;). This privacy&#8230;<\/p>\n","protected":false},"author":1,"featured_media":0,"parent":0,"menu_order":0,"comment_status":"closed","ping_status":"closed","template":"elementor_header_footer","meta":{"footnotes":""},"class_list":["post-5635","page","type-page","status-publish","hentry"],"aioseo_notices":[],"aioseo_head":"\n\t\t<!-- All in One SEO Pro 4.9.6.1 - aioseo.com -->\n\t<meta name=\"description\" content=\"Privacy Notice | RELTEK Energy, Who Can Access Your Data? How Do We Ensure Your Data Security? Technical Measures, Administrative Measures.\" \/>\n\t<meta name=\"robots\" content=\"max-image-preview:large\" \/>\n\t<link rel=\"canonical\" href=\"https:\/\/reltekenerji.com.tr\/en\/privacy-notice-of-reltek-energy-electric-ltd-co\/\" \/>\n\t<meta name=\"generator\" content=\"All in One SEO Pro (AIOSEO) 4.9.6.1\" \/>\n\t\t<meta property=\"og:locale\" content=\"en_US\" \/>\n\t\t<meta property=\"og:site_name\" content=\"Reltek Enerji | G\u00fcne\u015f Enerjisi | SCADA | Enerji Depolama | Yat\u0131r\u0131m ve Proje Geli\u015ftirme | EPC | Gelece\u011fi \u015eekillendiren G\u00fc\u00e7!\" \/>\n\t\t<meta property=\"og:type\" content=\"article\" \/>\n\t\t<meta property=\"og:title\" content=\"Privacy Notice | RELTEK Energy\" \/>\n\t\t<meta property=\"og:description\" content=\"Privacy Notice | RELTEK Energy, Who Can Access Your Data? How Do We Ensure Your Data Security? Technical Measures, Administrative Measures.\" \/>\n\t\t<meta property=\"og:url\" content=\"https:\/\/reltekenerji.com.tr\/en\/privacy-notice-of-reltek-energy-electric-ltd-co\/\" \/>\n\t\t<meta property=\"og:image\" content=\"https:\/\/reltekenerji.com.tr\/wp-content\/uploads\/2025\/07\/logo-reltek-700.png\" \/>\n\t\t<meta property=\"og:image:secure_url\" content=\"https:\/\/reltekenerji.com.tr\/wp-content\/uploads\/2025\/07\/logo-reltek-700.png\" \/>\n\t\t<meta property=\"og:image:width\" content=\"700\" \/>\n\t\t<meta property=\"og:image:height\" content=\"146\" \/>\n\t\t<meta property=\"article:published_time\" content=\"2025-08-29T15:51:33+00:00\" \/>\n\t\t<meta property=\"article:modified_time\" content=\"2025-10-29T15:36:12+00:00\" \/>\n\t\t<meta name=\"twitter:card\" content=\"summary_large_image\" \/>\n\t\t<meta name=\"twitter:title\" content=\"Privacy Notice | RELTEK Energy\" \/>\n\t\t<meta name=\"twitter:description\" content=\"Privacy Notice | RELTEK Energy, Who Can Access Your Data? How Do We Ensure Your Data Security? Technical Measures, Administrative Measures.\" \/>\n\t\t<meta name=\"twitter:image\" content=\"https:\/\/reltekenerji.com.tr\/wp-content\/uploads\/2025\/07\/logo-reltek-700.png\" \/>\n\t\t<script type=\"application\/ld+json\" class=\"aioseo-schema\">\n\t\t\t{\"@context\":\"https:\\\/\\\/schema.org\",\"@graph\":[{\"@type\":\"BreadcrumbList\",\"@id\":\"https:\\\/\\\/reltekenerji.com.tr\\\/en\\\/privacy-notice-of-reltek-energy-electric-ltd-co\\\/#breadcrumblist\",\"itemListElement\":[{\"@type\":\"ListItem\",\"@id\":\"https:\\\/\\\/reltekenerji.com.tr\\\/en\\\/privacy-notice-of-reltek-energy-electric-ltd-co\\\/#listItem\",\"position\":1,\"name\":\"Privacy Notice of Reltek Energy Electric Ltd. Co.\"}]},{\"@type\":\"Organization\",\"@id\":\"https:\\\/\\\/reltekenerji.com.tr\\\/en\\\/#organization\",\"name\":\"Reltek Enerji Elektrik Otomasyon Bilg. \\u0130n\\u015f. Taah. Proje San. Tic. Ltd. \\u015eti.\",\"description\":\"Artan enerji ihtiyac\\u0131 ve \\u00e7evre duyarl\\u0131l\\u0131\\u011f\\u0131 neticesinde s\\u00fcrd\\u00fcr\\u00fclebilir enerji y\\u00fckselen bir de\\u011fer halini ald\\u0131. D\\u00fcnya genelinde bir\\u00e7ok \\u00fclke ve marka ekonomik ve yerel \\u00e7\\u00f6z\\u00fcmler \\u00fcretme yar\\u0131\\u015f\\u0131na girdi. \\u0130\\u015fte uzun y\\u0131llard\\u0131r bu yar\\u0131\\u015fta yer alan Reltek Enerji; \\u00f6zellikle m\\u00fchendislik, otomasyon ve enerji teknolojilerinde yerli m\\u00fchendislikle projeler geli\\u015ftirme konusunda y\\u0131llard\\u0131r hizmet veriyor.\",\"url\":\"https:\\\/\\\/reltekenerji.com.tr\\\/en\\\/\",\"email\":\"info@reltekenerji.com.tr\",\"telephone\":\"+903123950378\",\"foundingDate\":\"2016-12-01\",\"numberOfEmployees\":{\"@type\":\"QuantitativeValue\",\"value\":10},\"logo\":{\"@type\":\"ImageObject\",\"url\":\"https:\\\/\\\/reltekenerji.com.tr\\\/wp-content\\\/uploads\\\/2025\\\/07\\\/logo-reltek-700.png\",\"@id\":\"https:\\\/\\\/reltekenerji.com.tr\\\/en\\\/privacy-notice-of-reltek-energy-electric-ltd-co\\\/#organizationLogo\",\"width\":700,\"height\":146,\"caption\":\"Reltek Enerji Logo\"},\"image\":{\"@id\":\"https:\\\/\\\/reltekenerji.com.tr\\\/en\\\/privacy-notice-of-reltek-energy-electric-ltd-co\\\/#organizationLogo\"},\"sameAs\":[\"https:\\\/\\\/www.instagram.com\\\/reltekenerji\\\/\",\"https:\\\/\\\/www.linkedin.com\\\/company\\\/reltek-enerji\\\/\"],\"address\":{\"@id\":\"https:\\\/\\\/reltekenerji.com.tr\\\/en\\\/#postaladdress\",\"@type\":\"PostalAddress\",\"streetAddress\":\"Konutkent Mah. 2994 Cad. No:13, \\u00c7ankaya \\\/ Ankara \\u2013 T\\u00dcRK\\u0130YE\",\"postalCode\":\"06810\",\"addressLocality\":\"Ankara\",\"addressRegion\":\"Ankara\",\"addressCountry\":\"TR\"},\"vatID\":\"7340963816\"},{\"@type\":\"WebPage\",\"@id\":\"https:\\\/\\\/reltekenerji.com.tr\\\/en\\\/privacy-notice-of-reltek-energy-electric-ltd-co\\\/#webpage\",\"url\":\"https:\\\/\\\/reltekenerji.com.tr\\\/en\\\/privacy-notice-of-reltek-energy-electric-ltd-co\\\/\",\"name\":\"Privacy Notice | RELTEK Energy\",\"description\":\"Privacy Notice | RELTEK Energy, Who Can Access Your Data? How Do We Ensure Your Data Security? Technical Measures, Administrative Measures.\",\"inLanguage\":\"en-US\",\"isPartOf\":{\"@id\":\"https:\\\/\\\/reltekenerji.com.tr\\\/en\\\/#website\"},\"breadcrumb\":{\"@id\":\"https:\\\/\\\/reltekenerji.com.tr\\\/en\\\/privacy-notice-of-reltek-energy-electric-ltd-co\\\/#breadcrumblist\"},\"datePublished\":\"2025-08-29T18:51:33+03:00\",\"dateModified\":\"2025-10-29T18:36:12+03:00\"},{\"@type\":\"WebSite\",\"@id\":\"https:\\\/\\\/reltekenerji.com.tr\\\/en\\\/#website\",\"url\":\"https:\\\/\\\/reltekenerji.com.tr\\\/en\\\/\",\"name\":\"RELTEK Enerji | Yenilenebilir Enerji Proje ve \\u00c7\\u00f6z\\u00fcmleri\",\"description\":\"Gelece\\u011fi \\u015eekillendiren G\\u00fc\\u00e7!\",\"inLanguage\":\"en-US\",\"publisher\":{\"@id\":\"https:\\\/\\\/reltekenerji.com.tr\\\/en\\\/#organization\"}}]}\n\t\t<\/script>\n\t\t<!-- All in One SEO Pro -->\r\n\t\t<title>Privacy Notice | RELTEK Energy<\/title>\n\n","aioseo_head_json":{"title":"Privacy Notice | RELTEK Energy","description":"Privacy Notice | RELTEK Energy, Who Can Access Your Data? How Do We Ensure Your Data Security? Technical Measures, Administrative Measures.","canonical_url":"https:\/\/reltekenerji.com.tr\/en\/privacy-notice-of-reltek-energy-electric-ltd-co\/","robots":"max-image-preview:large","keywords":"","webmasterTools":{"miscellaneous":""},"schema":{"@context":"https:\/\/schema.org","@graph":[{"@type":"BreadcrumbList","@id":"https:\/\/reltekenerji.com.tr\/en\/privacy-notice-of-reltek-energy-electric-ltd-co\/#breadcrumblist","itemListElement":[{"@type":"ListItem","@id":"https:\/\/reltekenerji.com.tr\/en\/privacy-notice-of-reltek-energy-electric-ltd-co\/#listItem","position":1,"name":"Privacy Notice of Reltek Energy Electric Ltd. Co."}]},{"@type":"Organization","@id":"https:\/\/reltekenerji.com.tr\/en\/#organization","name":"Reltek Enerji Elektrik Otomasyon Bilg. \u0130n\u015f. Taah. Proje San. Tic. Ltd. \u015eti.","description":"Artan enerji ihtiyac\u0131 ve \u00e7evre duyarl\u0131l\u0131\u011f\u0131 neticesinde s\u00fcrd\u00fcr\u00fclebilir enerji y\u00fckselen bir de\u011fer halini ald\u0131. D\u00fcnya genelinde bir\u00e7ok \u00fclke ve marka ekonomik ve yerel \u00e7\u00f6z\u00fcmler \u00fcretme yar\u0131\u015f\u0131na girdi. \u0130\u015fte uzun y\u0131llard\u0131r bu yar\u0131\u015fta yer alan Reltek Enerji; \u00f6zellikle m\u00fchendislik, otomasyon ve enerji teknolojilerinde yerli m\u00fchendislikle projeler geli\u015ftirme konusunda y\u0131llard\u0131r hizmet veriyor.","url":"https:\/\/reltekenerji.com.tr\/en\/","email":"info@reltekenerji.com.tr","telephone":"+903123950378","foundingDate":"2016-12-01","numberOfEmployees":{"@type":"QuantitativeValue","value":10},"logo":{"@type":"ImageObject","url":"https:\/\/reltekenerji.com.tr\/wp-content\/uploads\/2025\/07\/logo-reltek-700.png","@id":"https:\/\/reltekenerji.com.tr\/en\/privacy-notice-of-reltek-energy-electric-ltd-co\/#organizationLogo","width":700,"height":146,"caption":"Reltek Enerji Logo"},"image":{"@id":"https:\/\/reltekenerji.com.tr\/en\/privacy-notice-of-reltek-energy-electric-ltd-co\/#organizationLogo"},"sameAs":["https:\/\/www.instagram.com\/reltekenerji\/","https:\/\/www.linkedin.com\/company\/reltek-enerji\/"],"address":{"@id":"https:\/\/reltekenerji.com.tr\/en\/#postaladdress","@type":"PostalAddress","streetAddress":"Konutkent Mah. 2994 Cad. No:13, \u00c7ankaya \/ Ankara \u2013 T\u00dcRK\u0130YE","postalCode":"06810","addressLocality":"Ankara","addressRegion":"Ankara","addressCountry":"TR"},"vatID":"7340963816"},{"@type":"WebPage","@id":"https:\/\/reltekenerji.com.tr\/en\/privacy-notice-of-reltek-energy-electric-ltd-co\/#webpage","url":"https:\/\/reltekenerji.com.tr\/en\/privacy-notice-of-reltek-energy-electric-ltd-co\/","name":"Privacy Notice | RELTEK Energy","description":"Privacy Notice | RELTEK Energy, Who Can Access Your Data? How Do We Ensure Your Data Security? Technical Measures, Administrative Measures.","inLanguage":"en-US","isPartOf":{"@id":"https:\/\/reltekenerji.com.tr\/en\/#website"},"breadcrumb":{"@id":"https:\/\/reltekenerji.com.tr\/en\/privacy-notice-of-reltek-energy-electric-ltd-co\/#breadcrumblist"},"datePublished":"2025-08-29T18:51:33+03:00","dateModified":"2025-10-29T18:36:12+03:00"},{"@type":"WebSite","@id":"https:\/\/reltekenerji.com.tr\/en\/#website","url":"https:\/\/reltekenerji.com.tr\/en\/","name":"RELTEK Enerji | Yenilenebilir Enerji Proje ve \u00c7\u00f6z\u00fcmleri","description":"Gelece\u011fi \u015eekillendiren G\u00fc\u00e7!","inLanguage":"en-US","publisher":{"@id":"https:\/\/reltekenerji.com.tr\/en\/#organization"}}]},"og:locale":"en_US","og:site_name":"Reltek Enerji | G\u00fcne\u015f Enerjisi | SCADA | Enerji Depolama | Yat\u0131r\u0131m ve Proje Geli\u015ftirme | EPC | Gelece\u011fi \u015eekillendiren G\u00fc\u00e7!","og:type":"article","og:title":"Privacy Notice | RELTEK Energy","og:description":"Privacy Notice | RELTEK Energy, Who Can Access Your Data? How Do We Ensure Your Data Security? Technical Measures, Administrative Measures.","og:url":"https:\/\/reltekenerji.com.tr\/en\/privacy-notice-of-reltek-energy-electric-ltd-co\/","og:image":"https:\/\/reltekenerji.com.tr\/wp-content\/uploads\/2025\/07\/logo-reltek-700.png","og:image:secure_url":"https:\/\/reltekenerji.com.tr\/wp-content\/uploads\/2025\/07\/logo-reltek-700.png","og:image:width":700,"og:image:height":146,"article:published_time":"2025-08-29T15:51:33+00:00","article:modified_time":"2025-10-29T15:36:12+00:00","twitter:card":"summary_large_image","twitter:title":"Privacy Notice | RELTEK Energy","twitter:description":"Privacy Notice | RELTEK Energy, Who Can Access Your Data? How Do We Ensure Your Data Security? Technical Measures, Administrative Measures.","twitter:image":"https:\/\/reltekenerji.com.tr\/wp-content\/uploads\/2025\/07\/logo-reltek-700.png"},"aioseo_meta_data":{"post_id":"5635","title":"Privacy Notice | RELTEK Energy","description":"Privacy Notice | RELTEK Energy, Who Can Access Your Data? How Do We Ensure Your Data Security? Technical Measures, Administrative Measures.  ","keywords":null,"keyphrases":{"focus":{"keyphrase":"Ayd\u0131nlatma Metni","score":75,"analysis":{"keyphraseInTitle":{"score":9,"maxScore":9,"error":0},"keyphraseInDescription":{"score":9,"maxScore":9,"error":0},"keyphraseLength":{"score":9,"maxScore":9,"error":0,"length":3},"keyphraseInURL":{"score":5,"maxScore":5,"error":0},"keyphraseInIntroduction":{"score":9,"maxScore":9,"error":0},"keyphraseInSubHeadings":{"score":3,"maxScore":9,"error":1},"keyphraseInImageAlt":[],"keywordDensity":{"score":0,"type":"low","maxScore":9,"error":1}}},"additional":[]},"primary_term":null,"canonical_url":null,"og_title":null,"og_description":null,"og_object_type":"default","og_image_type":"default","og_image_url":null,"og_image_width":null,"og_image_height":null,"og_image_custom_url":null,"og_image_custom_fields":null,"og_video":"","og_custom_url":null,"og_article_section":null,"og_article_tags":null,"twitter_use_og":false,"twitter_card":"default","twitter_image_type":"default","twitter_image_url":null,"twitter_image_custom_url":null,"twitter_image_custom_fields":null,"twitter_title":null,"twitter_description":null,"schema":{"blockGraphs":[],"customGraphs":[],"default":{"data":{"Article":[],"Course":[],"Dataset":[],"FAQPage":[],"Movie":[],"Person":[],"Product":[],"ProductReview":[],"Car":[],"Recipe":[],"Service":[],"SoftwareApplication":[],"WebPage":[]},"graphName":"WebPage","isEnabled":true},"graphs":[]},"schema_type":"default","schema_type_options":null,"pillar_content":false,"robots_default":true,"robots_noindex":false,"robots_noarchive":false,"robots_nosnippet":false,"robots_nofollow":false,"robots_noimageindex":false,"robots_noodp":false,"robots_notranslate":false,"robots_max_snippet":"-1","robots_max_videopreview":"-1","robots_max_imagepreview":"large","priority":null,"frequency":"default","local_seo":null,"seo_analyzer_scan_date":"2025-10-21 16:03:02","breadcrumb_settings":null,"limit_modified_date":false,"reviewed_by":null,"open_ai":null,"ai":{"faqs":[],"keyPoints":[],"titles":[],"descriptions":[],"socialPosts":{"email":[],"linkedin":[],"twitter":[],"facebook":[],"instagram":[]}},"created":"2025-10-29 15:36:11","updated":"2026-01-18 19:22:51"},"aioseo_breadcrumb":"<div class=\"aioseo-breadcrumbs\"><span class=\"aioseo-breadcrumb\">\n\tPrivacy Notice of Reltek Energy Electric Ltd. Co.\n<\/span><\/div>","aioseo_breadcrumb_json":[{"label":"Privacy Notice of Reltek Energy Electric Ltd. Co.","link":"https:\/\/reltekenerji.com.tr\/en\/privacy-notice-of-reltek-energy-electric-ltd-co\/"}],"_links":{"self":[{"href":"https:\/\/reltekenerji.com.tr\/en\/wp-json\/wp\/v2\/pages\/5635","targetHints":{"allow":["GET"]}}],"collection":[{"href":"https:\/\/reltekenerji.com.tr\/en\/wp-json\/wp\/v2\/pages"}],"about":[{"href":"https:\/\/reltekenerji.com.tr\/en\/wp-json\/wp\/v2\/types\/page"}],"author":[{"embeddable":true,"href":"https:\/\/reltekenerji.com.tr\/en\/wp-json\/wp\/v2\/users\/1"}],"replies":[{"embeddable":true,"href":"https:\/\/reltekenerji.com.tr\/en\/wp-json\/wp\/v2\/comments?post=5635"}],"version-history":[{"count":0,"href":"https:\/\/reltekenerji.com.tr\/en\/wp-json\/wp\/v2\/pages\/5635\/revisions"}],"wp:attachment":[{"href":"https:\/\/reltekenerji.com.tr\/en\/wp-json\/wp\/v2\/media?parent=5635"}],"curies":[{"name":"wp","href":"https:\/\/api.w.org\/{rel}","templated":true}]}}